{"id":600,"date":"2024-07-10T21:16:00","date_gmt":"2024-07-10T19:16:00","guid":{"rendered":"https:\/\/www.chatligue.com\/usuarios\/?page_id=600"},"modified":"2024-07-11T14:29:49","modified_gmt":"2024-07-11T12:29:49","slug":"servicioclones","status":"publish","type":"page","link":"https:\/\/www.chatligue.com\/usuarios\/servicioclones\/","title":{"rendered":"Servicio Clones"},"content":{"rendered":"\n<p>En ChatLigue permitimos un m\u00e1ximo de 3 conexiones simultaneas al servidor desde una misma IP. Pero tambi\u00e9n sabemos que hay gente que conecta desde Bibliotecas, Centros educativos, Locutorios y lugares similares que comparten una misma IP para todo el centro. Es por eso que ponemos a su disposici\u00f3n el servicio Clones, para que el m\u00e1ximo de conexiones simultaneas al servidor desde una misma IP pueda ampliarse atendiendo a las necesidades de cada situaci\u00f3n.<\/p>\n\n\n\n<p>Para poder solicitar este servicio, simplemente debe rellenar el formulario que aparece a continuaci\u00f3n y la administraci\u00f3n se pondr\u00e1 en contacto:<\/p>\n\n\n\n<div class=\"wpcf7 no-js\" id=\"wpcf7-f613-o1\" lang=\"es-ES\" dir=\"ltr\" data-wpcf7-id=\"613\">\n<div class=\"screen-reader-response\"><p role=\"status\" aria-live=\"polite\" aria-atomic=\"true\"><\/p> <ul><\/ul><\/div>\n<form action=\"\/usuarios\/wp-json\/wp\/v2\/pages\/600#wpcf7-f613-o1\" method=\"post\" class=\"wpcf7-form init\" aria-label=\"Formulario de contacto\" novalidate=\"novalidate\" data-status=\"init\">\n<fieldset class=\"hidden-fields-container\"><input type=\"hidden\" name=\"_wpcf7\" value=\"613\" \/><input type=\"hidden\" name=\"_wpcf7_version\" value=\"6.1.5\" \/><input type=\"hidden\" name=\"_wpcf7_locale\" value=\"es_ES\" \/><input type=\"hidden\" name=\"_wpcf7_unit_tag\" value=\"wpcf7-f613-o1\" \/><input type=\"hidden\" name=\"_wpcf7_container_post\" value=\"0\" \/><input type=\"hidden\" name=\"_wpcf7_posted_data_hash\" value=\"\" \/>\n<\/fieldset>\n<p><label> Tu nick<br \/>\n<span class=\"wpcf7-form-control-wrap\" data-name=\"your-nick\"><input size=\"40\" maxlength=\"400\" class=\"wpcf7-form-control wpcf7-text wpcf7-validates-as-required\" autocomplete=\"nick\" aria-required=\"true\" aria-invalid=\"false\" value=\"\" type=\"text\" name=\"your-nick\" \/><\/span> <\/label>\n<\/p>\n<p><label> Tu correo electr\u00f3nico<br \/>\n<span class=\"wpcf7-form-control-wrap\" data-name=\"your-email\"><input size=\"40\" maxlength=\"400\" class=\"wpcf7-form-control wpcf7-email wpcf7-validates-as-required wpcf7-text wpcf7-validates-as-email\" autocomplete=\"email\" aria-required=\"true\" aria-invalid=\"false\" value=\"\" type=\"email\" name=\"your-email\" \/><\/span> <\/label>\n<\/p>\n<p><label> IP para la cual solicitas Clones<br \/>\n<span class=\"wpcf7-form-control-wrap\" data-name=\"tel-689\"><input size=\"40\" maxlength=\"400\" class=\"wpcf7-form-control wpcf7-tel wpcf7-validates-as-required wpcf7-text wpcf7-validates-as-tel\" aria-required=\"true\" aria-invalid=\"false\" value=\"\" type=\"tel\" name=\"tel-689\" \/><\/span> <\/label>\n<\/p>\n<p><label> Cantidad de Clones que solicitas<br \/>\n<span class=\"wpcf7-form-control-wrap\" data-name=\"number-444\"><input class=\"wpcf7-form-control wpcf7-number wpcf7-validates-as-required wpcf7-validates-as-number\" min=\"4\" max=\"99\" aria-required=\"true\" aria-invalid=\"false\" value=\"\" type=\"number\" name=\"number-444\" \/><\/span> <\/label>\n<\/p>\n<p><label> Motivo por el cual necesitas Clones<br \/>\n<span class=\"wpcf7-form-control-wrap\" data-name=\"your-motivo\"><textarea cols=\"40\" rows=\"10\" maxlength=\"2000\" class=\"wpcf7-form-control wpcf7-textarea wpcf7-validates-as-required\" aria-required=\"true\" aria-invalid=\"false\" name=\"your-motivo\"><\/textarea><\/span> <\/label>\n<\/p>\n<p><span class=\"wpcf7-form-control-wrap\" data-name=\"acceptance-682\"><span class=\"wpcf7-form-control wpcf7-acceptance\"><span class=\"wpcf7-list-item\"><input type=\"checkbox\" name=\"acceptance-682\" value=\"1\" id=\"casilla-aceptar\" aria-invalid=\"false\" \/><\/span><\/span><\/span> Con este formulario usted est\u00e1 conforme con que sus datos sean almacenados de forma privada.\n<\/p>\n<p><input class=\"wpcf7-form-control wpcf7-submit has-spinner\" type=\"submit\" value=\"Enviar\" \/>\n<\/p><div class=\"wpcf7-response-output\" aria-hidden=\"true\"><\/div>\n<\/form>\n<\/div>\n\n","protected":false},"excerpt":{"rendered":"<p>En ChatLigue permitimos un m\u00e1ximo de 3 conexiones simultaneas al servidor desde una misma IP. Pero tambi\u00e9n sabemos que hay gente que conecta desde Bibliotecas, Centros educativos, Locutorios y lugares similares que comparten una misma IP para todo el centro. Es por eso que ponemos a su disposici\u00f3n el servicio Clones, para que el m\u00e1ximo &hellip; <a href=\"https:\/\/www.chatligue.com\/usuarios\/servicioclones\/\" class=\"more-link\">Seguir leyendo<span class=\"screen-reader-text\"> &#8220;Servicio Clones&#8221;<\/span><\/a><\/p>\n","protected":false},"author":1,"featured_media":0,"parent":0,"menu_order":0,"comment_status":"closed","ping_status":"closed","template":"","meta":{"footnotes":""},"class_list":["post-600","page","type-page","status-publish","hentry"],"_links":{"self":[{"href":"https:\/\/www.chatligue.com\/usuarios\/wp-json\/wp\/v2\/pages\/600","targetHints":{"allow":["GET"]}}],"collection":[{"href":"https:\/\/www.chatligue.com\/usuarios\/wp-json\/wp\/v2\/pages"}],"about":[{"href":"https:\/\/www.chatligue.com\/usuarios\/wp-json\/wp\/v2\/types\/page"}],"author":[{"embeddable":true,"href":"https:\/\/www.chatligue.com\/usuarios\/wp-json\/wp\/v2\/users\/1"}],"replies":[{"embeddable":true,"href":"https:\/\/www.chatligue.com\/usuarios\/wp-json\/wp\/v2\/comments?post=600"}],"version-history":[{"count":2,"href":"https:\/\/www.chatligue.com\/usuarios\/wp-json\/wp\/v2\/pages\/600\/revisions"}],"predecessor-version":[{"id":615,"href":"https:\/\/www.chatligue.com\/usuarios\/wp-json\/wp\/v2\/pages\/600\/revisions\/615"}],"wp:attachment":[{"href":"https:\/\/www.chatligue.com\/usuarios\/wp-json\/wp\/v2\/media?parent=600"}],"curies":[{"name":"wp","href":"https:\/\/api.w.org\/{rel}","templated":true}]}}