{"id":598,"date":"2024-07-10T21:15:37","date_gmt":"2024-07-10T19:15:37","guid":{"rendered":"https:\/\/www.chatligue.com\/usuarios\/?page_id=598"},"modified":"2024-08-23T10:14:07","modified_gmt":"2024-08-23T08:14:07","slug":"serviciodocking","status":"publish","type":"page","link":"https:\/\/www.chatligue.com\/usuarios\/serviciodocking\/","title":{"rendered":"Servicio Docking"},"content":{"rendered":"\n<p>El servicio Docking es un servicio gratuito que ofrece la red de ChatLigue. Est\u00e1 pensado para ayudar a aquellos usuarios que han creado un Bot para IRC y necesita de ciertos privilegios especiales para funcionar correctamente. Gracias al servicio Docking, los bots de usuario recibir\u00e1n las siguientes caracter\u00edsticas:<\/p>\n\n\n\n<p><\/p>\n\n\n\n<ul class=\"wp-block-list\">\n<li>Recibe un SWHOIS que indica que es un Bot de Usuario y a qui\u00e9n pertenece, para que esa informaci\u00f3n aparezca cuando cualquier usuario le hace WHOIS.<\/li>\n\n\n\n<li>Recibe el modo +B que los marca como Bot Oficial de la Red.<\/li>\n\n\n\n<li>Recibe el modo +p que oculta los canales en los que se encuentra cuando un usuario le hace WHOIS.<\/li>\n\n\n\n<li>Recibe el modo +q para brindarle protecci\u00f3n extra de flood y que solamente pueda ser expulsado por los Services.<\/li>\n\n\n\n<li>Recibe el modo +T que le previene de recibir CTCP<\/li>\n<\/ul>\n\n\n\n<p>Este servicio no puede usarse para un nick particular, debe dejarse claro que el servicio ser\u00e1 para un Bot, debiendo informar la finalidad de dicho bot y en qu\u00e9 canales estar\u00e1. Ya que ofrece ciertos privilegios, este servicio podr\u00e1 ser cancelado en el caso de que se demuestre que el creador del bot se aprovecha de dichos privilegios para hacer flood o cualquier otra acci\u00f3n incorrecta.<\/p>\n\n\n\n<p>Sin m\u00e1s, para solicitar el servicio Docking debe rellenar el siguiente formulario:<\/p>\n\n\n\n<div class=\"wpcf7 no-js\" id=\"wpcf7-f610-o1\" lang=\"es-ES\" dir=\"ltr\" data-wpcf7-id=\"610\">\n<div class=\"screen-reader-response\"><p role=\"status\" aria-live=\"polite\" aria-atomic=\"true\"><\/p> <ul><\/ul><\/div>\n<form action=\"\/usuarios\/wp-json\/wp\/v2\/pages\/598#wpcf7-f610-o1\" method=\"post\" class=\"wpcf7-form init\" aria-label=\"Formulario de contacto\" novalidate=\"novalidate\" data-status=\"init\">\n<fieldset class=\"hidden-fields-container\"><input type=\"hidden\" name=\"_wpcf7\" value=\"610\" \/><input type=\"hidden\" name=\"_wpcf7_version\" value=\"6.1.5\" \/><input type=\"hidden\" name=\"_wpcf7_locale\" value=\"es_ES\" \/><input type=\"hidden\" name=\"_wpcf7_unit_tag\" value=\"wpcf7-f610-o1\" \/><input type=\"hidden\" name=\"_wpcf7_container_post\" value=\"0\" \/><input type=\"hidden\" name=\"_wpcf7_posted_data_hash\" value=\"\" \/>\n<\/fieldset>\n<p><label> Tu nick<br \/>\n<span class=\"wpcf7-form-control-wrap\" data-name=\"your-nick\"><input size=\"40\" maxlength=\"400\" class=\"wpcf7-form-control wpcf7-text wpcf7-validates-as-required\" autocomplete=\"nick\" aria-required=\"true\" aria-invalid=\"false\" value=\"\" type=\"text\" name=\"your-nick\" \/><\/span> <\/label>\n<\/p>\n<p><label> Tu correo electr\u00f3nico<br \/>\n<span class=\"wpcf7-form-control-wrap\" data-name=\"your-email\"><input size=\"40\" maxlength=\"400\" class=\"wpcf7-form-control wpcf7-email wpcf7-validates-as-required wpcf7-text wpcf7-validates-as-email\" autocomplete=\"email\" aria-required=\"true\" aria-invalid=\"false\" value=\"\" type=\"email\" name=\"your-email\" \/><\/span> <\/label>\n<\/p>\n<p><label> Nick del Bot<br \/>\n<span class=\"wpcf7-form-control-wrap\" data-name=\"your-name\"><input size=\"40\" maxlength=\"400\" class=\"wpcf7-form-control wpcf7-text wpcf7-validates-as-required\" autocomplete=\"name\" aria-required=\"true\" aria-invalid=\"false\" value=\"\" type=\"text\" name=\"your-name\" \/><\/span> <\/label>\n<\/p>\n<p><label> Funciones que hace el Bot<br \/>\n<span class=\"wpcf7-form-control-wrap\" data-name=\"your-hours\"><textarea cols=\"40\" rows=\"10\" maxlength=\"2000\" class=\"wpcf7-form-control wpcf7-textarea wpcf7-validates-as-required\" aria-required=\"true\" aria-invalid=\"false\" name=\"your-hours\"><\/textarea><\/span> <\/label>\n<\/p>\n<p><label> Canales en los que estar\u00e1<br \/>\n<span class=\"wpcf7-form-control-wrap\" data-name=\"your-message\"><textarea cols=\"40\" rows=\"10\" maxlength=\"2000\" class=\"wpcf7-form-control wpcf7-textarea wpcf7-validates-as-required\" aria-required=\"true\" aria-invalid=\"false\" name=\"your-message\"><\/textarea><\/span> <\/label>\n<\/p>\n<p><label> Motivo por el cual necesita Docking<br \/>\n<span class=\"wpcf7-form-control-wrap\" data-name=\"your-motivo\"><textarea cols=\"40\" rows=\"10\" maxlength=\"2000\" class=\"wpcf7-form-control wpcf7-textarea wpcf7-validates-as-required\" aria-required=\"true\" aria-invalid=\"false\" name=\"your-motivo\"><\/textarea><\/span> <\/label>\n<\/p>\n<p><span class=\"wpcf7-form-control-wrap\" data-name=\"acceptance-682\"><span class=\"wpcf7-form-control wpcf7-acceptance\"><span class=\"wpcf7-list-item\"><input type=\"checkbox\" name=\"acceptance-682\" value=\"1\" id=\"casilla-aceptar\" aria-invalid=\"false\" \/><\/span><\/span><\/span> Con este formulario usted est\u00e1 conforme con que sus datos sean almacenados de forma privada.\n<\/p>\n<p><input class=\"wpcf7-form-control wpcf7-submit has-spinner\" type=\"submit\" value=\"Enviar\" \/>\n<\/p><div class=\"wpcf7-response-output\" aria-hidden=\"true\"><\/div>\n<\/form>\n<\/div>\n\n","protected":false},"excerpt":{"rendered":"<p>El servicio Docking es un servicio gratuito que ofrece la red de ChatLigue. Est\u00e1 pensado para ayudar a aquellos usuarios que han creado un Bot para IRC y necesita de ciertos privilegios especiales para funcionar correctamente. Gracias al servicio Docking, los bots de usuario recibir\u00e1n las siguientes caracter\u00edsticas: Este servicio no puede usarse para un &hellip; <a href=\"https:\/\/www.chatligue.com\/usuarios\/serviciodocking\/\" class=\"more-link\">Seguir leyendo<span class=\"screen-reader-text\"> &#8220;Servicio Docking&#8221;<\/span><\/a><\/p>\n","protected":false},"author":1,"featured_media":0,"parent":0,"menu_order":0,"comment_status":"closed","ping_status":"closed","template":"","meta":{"footnotes":""},"class_list":["post-598","page","type-page","status-publish","hentry"],"_links":{"self":[{"href":"https:\/\/www.chatligue.com\/usuarios\/wp-json\/wp\/v2\/pages\/598","targetHints":{"allow":["GET"]}}],"collection":[{"href":"https:\/\/www.chatligue.com\/usuarios\/wp-json\/wp\/v2\/pages"}],"about":[{"href":"https:\/\/www.chatligue.com\/usuarios\/wp-json\/wp\/v2\/types\/page"}],"author":[{"embeddable":true,"href":"https:\/\/www.chatligue.com\/usuarios\/wp-json\/wp\/v2\/users\/1"}],"replies":[{"embeddable":true,"href":"https:\/\/www.chatligue.com\/usuarios\/wp-json\/wp\/v2\/comments?post=598"}],"version-history":[{"count":3,"href":"https:\/\/www.chatligue.com\/usuarios\/wp-json\/wp\/v2\/pages\/598\/revisions"}],"predecessor-version":[{"id":618,"href":"https:\/\/www.chatligue.com\/usuarios\/wp-json\/wp\/v2\/pages\/598\/revisions\/618"}],"wp:attachment":[{"href":"https:\/\/www.chatligue.com\/usuarios\/wp-json\/wp\/v2\/media?parent=598"}],"curies":[{"name":"wp","href":"https:\/\/api.w.org\/{rel}","templated":true}]}}