{"id":270,"date":"2023-11-13T23:38:44","date_gmt":"2023-11-13T22:38:44","guid":{"rendered":"https:\/\/www.chatligue.com\/usuarios\/?page_id=270"},"modified":"2023-11-23T23:51:36","modified_gmt":"2023-11-23T22:51:36","slug":"salas-del-chat","status":"publish","type":"page","link":"https:\/\/www.chatligue.com\/usuarios\/salas-del-chat\/","title":{"rendered":"Salas del Chat"},"content":{"rendered":"\t\t<div data-elementor-type=\"wp-page\" data-elementor-id=\"270\" class=\"elementor elementor-270\">\n\t\t\t\t<div class=\"elementor-element elementor-element-0e01224 e-flex e-con-boxed e-con e-parent\" data-id=\"0e01224\" data-element_type=\"container\" data-e-type=\"container\">\n\t\t\t\t\t<div class=\"e-con-inner\">\n\t\t\t\t<div class=\"elementor-element elementor-element-62b491f elementor-widget elementor-widget-text-editor\" data-id=\"62b491f\" data-element_type=\"widget\" data-e-type=\"widget\" data-widget_type=\"text-editor.default\">\n\t\t\t\t<div class=\"elementor-widget-container\">\n\t\t\t\t\t\t\t\t\t<p>Las salas de Chat o Canales son los espacios reservados para la conversaci\u00f3n en tiempo real y en grupo por parte de los usuarios de nuestro chat. En estos canales podr\u00e1s ver una ventana de conversaci\u00f3n general y una lista de los usuarios que se encuentran conectados a dicho canal, y que por tanto, pueden leer y participar en la conversaci\u00f3n contigo.<\/p>\t\t\t\t\t\t\t\t<\/div>\n\t\t\t\t<\/div>\n\t\t\t\t\t<\/div>\n\t\t\t\t<\/div>\n\t\t<div class=\"elementor-element elementor-element-822b0cb e-flex e-con-boxed e-con e-parent\" data-id=\"822b0cb\" data-element_type=\"container\" data-e-type=\"container\">\n\t\t\t\t\t<div class=\"e-con-inner\">\n\t\t\t\t<div class=\"elementor-element elementor-element-cbb4e8d elementor-widget elementor-widget-heading\" data-id=\"cbb4e8d\" data-element_type=\"widget\" data-e-type=\"widget\" data-widget_type=\"heading.default\">\n\t\t\t\t<div class=\"elementor-widget-container\">\n\t\t\t\t\t<h2 class=\"elementor-heading-title elementor-size-default\">\u00bfQu\u00e9 tipo de salas o canales existen?<\/h2>\t\t\t\t<\/div>\n\t\t\t\t<\/div>\n\t\t\t\t<div class=\"elementor-element elementor-element-f10e8f8 elementor-widget elementor-widget-text-editor\" data-id=\"f10e8f8\" data-element_type=\"widget\" data-e-type=\"widget\" data-widget_type=\"text-editor.default\">\n\t\t\t\t<div class=\"elementor-widget-container\">\n\t\t\t\t\t\t\t\t\t<p>Las salas de chat est\u00e1n registradas y organizadas en funci\u00f3n de la tem\u00e1tica que estas tengan. Tambi\u00e9n existen salas geogr\u00e1ficas en funci\u00f3n del pa\u00eds, regi\u00f3n y localidad, para chatear con gente cercana a ti. A parte de por tem\u00e1tica, las salas se clasifican en funci\u00f3n de:<\/p><ul><li><strong>Canales Oficiales:<\/strong> son los que la red gestiona de forma directa mediante sus operadores y moderadores. Estos canales son canales considerados clave por la red, o son utilizados para prestar determinados servicios, por ejemplo el canal de ayuda que es #Soporte.<\/li><li><strong>Canales de Inter\u00e9s general:<\/strong> son los que la red pone a disposici\u00f3n de los usuarios de forma p\u00fablica para uso y disfrute de todos los usuarios. Son gestionados directamente por los representantes de la red, o por las personas en las que la administraci\u00f3n de la red delegue. Suelen ser de tem\u00e1ticas gen\u00e9ricas. Los canales de \u00e1mbito geogr\u00e1fico o de nivel regional suelen ser de este tipo.<\/li><li><strong>Canales de Usuarios:<\/strong> son canales creados y registrados por otros usuarios de la red de chat. Pueden ser de diversas tem\u00e1ticas y pueden regirse por sus propias normas, siempre que no atenten contra las normas de la red y la legalidad.<\/li><li><strong>Canales Privados:<\/strong> no est\u00e1n disponibles a todos los usuarios del chat, sino que son privados para su uso. Pueden estar ocultos en la listas de canales y para acceder a ellos se requiere tener registro, la clave, o una invitaci\u00f3n dependiendo del tipo de privacidad y restricci\u00f3n.<\/li><\/ul>\t\t\t\t\t\t\t\t<\/div>\n\t\t\t\t<\/div>\n\t\t\t\t\t<\/div>\n\t\t\t\t<\/div>\n\t\t<div class=\"elementor-element elementor-element-241db12 e-flex e-con-boxed e-con e-parent\" data-id=\"241db12\" data-element_type=\"container\" data-e-type=\"container\">\n\t\t\t\t\t<div class=\"e-con-inner\">\n\t\t\t\t<div class=\"elementor-element elementor-element-2ede78f elementor-widget elementor-widget-heading\" data-id=\"2ede78f\" data-element_type=\"widget\" data-e-type=\"widget\" data-widget_type=\"heading.default\">\n\t\t\t\t<div class=\"elementor-widget-container\">\n\t\t\t\t\t<h2 class=\"elementor-heading-title elementor-size-default\">\u00bfPuedo tener mi propia sala de chat?<\/h2>\t\t\t\t<\/div>\n\t\t\t\t<\/div>\n\t\t\t\t<div class=\"elementor-element elementor-element-54f80df elementor-widget elementor-widget-text-editor\" data-id=\"54f80df\" data-element_type=\"widget\" data-e-type=\"widget\" data-widget_type=\"text-editor.default\">\n\t\t\t\t<div class=\"elementor-widget-container\">\n\t\t\t\t\t\t\t\t\t<p>S\u00ed, cualquier usuario registrado en nuestra red de chat con un nick v\u00e1lido puede solicitar el registro de una sala nueva. El proceso de registro consiste en una solicitud de un canal mediante el bot correspondiente (aPoLo) desde el mismo chat, y posteriormente ser\u00e1 evaluado y aprobado o denegado por la administraci\u00f3n. Para que un canal sea aprobado, debe cumplir con las normas de canales que se establecen en la red, as\u00ed como ser utilizado para fines l\u00edcitos.<\/p>\t\t\t\t\t\t\t\t<\/div>\n\t\t\t\t<\/div>\n\t\t\t\t\t<\/div>\n\t\t\t\t<\/div>\n\t\t<div class=\"elementor-element elementor-element-dbc7f77 e-flex e-con-boxed e-con e-parent\" data-id=\"dbc7f77\" data-element_type=\"container\" data-e-type=\"container\">\n\t\t\t\t\t<div class=\"e-con-inner\">\n\t\t\t\t<div class=\"elementor-element elementor-element-e9d9287 elementor-widget elementor-widget-heading\" data-id=\"e9d9287\" data-element_type=\"widget\" data-e-type=\"widget\" data-widget_type=\"heading.default\">\n\t\t\t\t<div class=\"elementor-widget-container\">\n\t\t\t\t\t<h2 class=\"elementor-heading-title elementor-size-default\">\u00bfPuedo a\u00f1adir mi canal u otro canal a mi web?<\/h2>\t\t\t\t<\/div>\n\t\t\t\t<\/div>\n\t\t\t\t<div class=\"elementor-element elementor-element-573cc77 elementor-widget elementor-widget-text-editor\" data-id=\"573cc77\" data-element_type=\"widget\" data-e-type=\"widget\" data-widget_type=\"text-editor.default\">\n\t\t\t\t<div class=\"elementor-widget-container\">\n\t\t\t\t\t\t\t\t\t<p>S\u00ed, puedes crear tu propio chat web para integrar con tu p\u00e1gina o blog totalmente gratis. De esta forma, los usuarios de tu web podr\u00e1n entrar directamente a tu sala de chat y mantener en ella conversaciones con otros usuarios.<\/p><p>\u00bfQu\u00e9 son los usuarios con privilegios de un canal? Son usuarios que pueden realizar cambios en la configuraci\u00f3n de los canales o salas para adaptarlas en cada momento a su uso. Se encargan por tanto, de la configuraci\u00f3n y de la gesti\u00f3n del canal para su correcto uso y adecuaci\u00f3n a las normas de la red de chats. Estos usuarios son los encargados de la moderaci\u00f3n de las salas y su misi\u00f3n es hacer que se cumplan las normas del canal y de la red de chats, as\u00ed como velar por el bien de todos los usuarios.<\/p>\t\t\t\t\t\t\t\t<\/div>\n\t\t\t\t<\/div>\n\t\t\t\t\t<\/div>\n\t\t\t\t<\/div>\n\t\t<div class=\"elementor-element elementor-element-7e18d30 e-flex e-con-boxed e-con e-parent\" data-id=\"7e18d30\" data-element_type=\"container\" data-e-type=\"container\">\n\t\t\t\t\t<div class=\"e-con-inner\">\n\t\t\t\t<div class=\"elementor-element elementor-element-9222a41 elementor-widget elementor-widget-heading\" data-id=\"9222a41\" data-element_type=\"widget\" data-e-type=\"widget\" data-widget_type=\"heading.default\">\n\t\t\t\t<div class=\"elementor-widget-container\">\n\t\t\t\t\t<h2 class=\"elementor-heading-title elementor-size-default\">\u00bfQu\u00e9 es el fundador de un canal?<\/h2>\t\t\t\t<\/div>\n\t\t\t\t<\/div>\n\t\t\t\t<div class=\"elementor-element elementor-element-15b22c2 elementor-widget elementor-widget-text-editor\" data-id=\"15b22c2\" data-element_type=\"widget\" data-e-type=\"widget\" data-widget_type=\"text-editor.default\">\n\t\t\t\t<div class=\"elementor-widget-container\">\n\t\t\t\t\t\t\t\t\t<p>El fundador o founder de un canal es el responsable m\u00e1ximo de una sala de chat y el encargado de asignar los niveles y privilegios para la gesti\u00f3n de dicho canal. Por defecto, el fundador del canal figurar\u00e1 como Fundador (~) en la lista de nicks dentro del canal.<\/p>\t\t\t\t\t\t\t\t<\/div>\n\t\t\t\t<\/div>\n\t\t\t\t\t<\/div>\n\t\t\t\t<\/div>\n\t\t<div class=\"elementor-element elementor-element-cbceb0b e-flex e-con-boxed e-con e-parent\" data-id=\"cbceb0b\" data-element_type=\"container\" data-e-type=\"container\">\n\t\t\t\t\t<div class=\"e-con-inner\">\n\t\t\t\t<div class=\"elementor-element elementor-element-e0653a3 elementor-widget elementor-widget-heading\" data-id=\"e0653a3\" data-element_type=\"widget\" data-e-type=\"widget\" data-widget_type=\"heading.default\">\n\t\t\t\t<div class=\"elementor-widget-container\">\n\t\t\t\t\t<h2 class=\"elementor-heading-title elementor-size-default\">\u00bfQu\u00e9 tipo de privilegios existen en los canales?<\/h2>\t\t\t\t<\/div>\n\t\t\t\t<\/div>\n\t\t\t\t<div class=\"elementor-element elementor-element-7fe6523 elementor-widget elementor-widget-text-editor\" data-id=\"7fe6523\" data-element_type=\"widget\" data-e-type=\"widget\" data-widget_type=\"text-editor.default\">\n\t\t\t\t<div class=\"elementor-widget-container\">\n\t\t\t\t\t\t\t\t\t<ul><li><strong>Administradores de canal:<\/strong> son las personas de confianza del fundador a las cuales les ha concedido privilegios para gestionar el canal y formar un equipo de operadores y moderadores que les ayuden con la gesti\u00f3n y moderaci\u00f3n del canal. Se les reconoce por llevar el s\u00edmbolo &amp; al lado del nick.<\/li><li><strong>Operadores de canal:<\/strong> son los encargados de gestionar el canal en el \u00e1mbito de hacer que se cumplan las normas y procedimientos, pudiendo expulsar a aquellos usuarios que no cumplan con las normas. Se les reconoce por llevar el s\u00edmbolo @ al lado del nick.<\/li><li><strong>Moderadores de canal:<\/strong> son los encargados de ayudar a los operadores moderando la sala de chat y haciendo cumplir las normas en el canal. Se les reconoce por llevar el s\u00edmbolo + al lado del nick.<\/li><li><strong>Usuarios Favoritos:<\/strong> son los usuarios que, a pesar de no tener ninguna funci\u00f3n, gozan de alguna protecci\u00f3n extra frente a los usuarios normales. Suelen ser amigos de los administradores o usuarios asiduos a los que les conceden este privilegio. Se les reconoce por llevar el s\u00edmbolo + al lado del nick.<\/li><\/ul>\t\t\t\t\t\t\t\t<\/div>\n\t\t\t\t<\/div>\n\t\t\t\t\t<\/div>\n\t\t\t\t<\/div>\n\t\t<div class=\"elementor-element elementor-element-7b57de5 e-flex e-con-boxed e-con e-parent\" data-id=\"7b57de5\" data-element_type=\"container\" data-e-type=\"container\">\n\t\t\t\t\t<div class=\"e-con-inner\">\n\t\t\t\t<div class=\"elementor-element elementor-element-67d90d3 elementor-widget elementor-widget-heading\" data-id=\"67d90d3\" data-element_type=\"widget\" data-e-type=\"widget\" data-widget_type=\"heading.default\">\n\t\t\t\t<div class=\"elementor-widget-container\">\n\t\t\t\t\t<h2 class=\"elementor-heading-title elementor-size-default\">\u00bfPor qu\u00e9 ya no soy el fundador\/due\u00f1o de mi canal?<\/h2>\t\t\t\t<\/div>\n\t\t\t\t<\/div>\n\t\t\t\t<div class=\"elementor-element elementor-element-c40fbd0 elementor-widget elementor-widget-text-editor\" data-id=\"c40fbd0\" data-element_type=\"widget\" data-e-type=\"widget\" data-widget_type=\"text-editor.default\">\n\t\t\t\t<div class=\"elementor-widget-container\">\n\t\t\t\t\t\t\t\t\t<p>Si se trata de un canal de inter\u00e9s general en el que estabas designado como fundador, esto se debe a una decisi\u00f3n de la administraci\u00f3n, generalmente derivada del incumplimiento del acuerdo de explotaci\u00f3n del canal que se hab\u00eda adoptado. Si el canal hab\u00eda sido registrado por ti, la p\u00e9rdida del canal puede darse debido a:<\/p><ul><li>El canal ya no est\u00e1 registrado o lo registr\u00f3 otro usuario tras expirar. Si un canal no es utilizado por ninguno de los usuarios registrados (con privilegios) durante 30 d\u00edas, este ser\u00e1 eliminado autom\u00e1ticamente.<\/li><li>T\u00fa has cambiado el fundador del canal a otra persona.<\/li><li>El nick del fundador ha expirado, al no utilizarlo en el tiempo debido.<\/li><li>Incumplimiento de las normas o de los t\u00e9rminos legales en lo dispuesto por estos.<\/li><\/ul>\t\t\t\t\t\t\t\t<\/div>\n\t\t\t\t<\/div>\n\t\t\t\t\t<\/div>\n\t\t\t\t<\/div>\n\t\t\t\t<\/div>\n\t\t","protected":false},"excerpt":{"rendered":"<p>Las salas de Chat o Canales son los espacios reservados para la conversaci\u00f3n en tiempo real y en grupo por parte de los usuarios de nuestro chat. En estos canales podr\u00e1s ver una ventana de conversaci\u00f3n general y una lista de los usuarios que se encuentran conectados a dicho canal, y que por tanto, pueden &hellip; <a href=\"https:\/\/www.chatligue.com\/usuarios\/salas-del-chat\/\" class=\"more-link\">Seguir leyendo<span class=\"screen-reader-text\"> &#8220;Salas del Chat&#8221;<\/span><\/a><\/p>\n","protected":false},"author":1,"featured_media":0,"parent":0,"menu_order":0,"comment_status":"closed","ping_status":"closed","template":"","meta":{"footnotes":""},"class_list":["post-270","page","type-page","status-publish","hentry"],"_links":{"self":[{"href":"https:\/\/www.chatligue.com\/usuarios\/wp-json\/wp\/v2\/pages\/270","targetHints":{"allow":["GET"]}}],"collection":[{"href":"https:\/\/www.chatligue.com\/usuarios\/wp-json\/wp\/v2\/pages"}],"about":[{"href":"https:\/\/www.chatligue.com\/usuarios\/wp-json\/wp\/v2\/types\/page"}],"author":[{"embeddable":true,"href":"https:\/\/www.chatligue.com\/usuarios\/wp-json\/wp\/v2\/users\/1"}],"replies":[{"embeddable":true,"href":"https:\/\/www.chatligue.com\/usuarios\/wp-json\/wp\/v2\/comments?post=270"}],"version-history":[{"count":22,"href":"https:\/\/www.chatligue.com\/usuarios\/wp-json\/wp\/v2\/pages\/270\/revisions"}],"predecessor-version":[{"id":377,"href":"https:\/\/www.chatligue.com\/usuarios\/wp-json\/wp\/v2\/pages\/270\/revisions\/377"}],"wp:attachment":[{"href":"https:\/\/www.chatligue.com\/usuarios\/wp-json\/wp\/v2\/media?parent=270"}],"curies":[{"name":"wp","href":"https:\/\/api.w.org\/{rel}","templated":true}]}}