{"id":266,"date":"2023-11-13T23:38:24","date_gmt":"2023-11-13T22:38:24","guid":{"rendered":"https:\/\/www.chatligue.com\/usuarios\/?page_id=266"},"modified":"2023-11-24T00:50:03","modified_gmt":"2023-11-23T23:50:03","slug":"normas-generales","status":"publish","type":"page","link":"https:\/\/www.chatligue.com\/usuarios\/normas-generales\/","title":{"rendered":"Normas Generales"},"content":{"rendered":"\t\t<div data-elementor-type=\"wp-page\" data-elementor-id=\"266\" class=\"elementor elementor-266\">\n\t\t\t\t<div class=\"elementor-element elementor-element-8ae2e19 e-flex e-con-boxed e-con e-parent\" data-id=\"8ae2e19\" data-element_type=\"container\" data-e-type=\"container\">\n\t\t\t\t\t<div class=\"e-con-inner\">\n\t\t\t\t<div class=\"elementor-element elementor-element-7a9e218 elementor-widget elementor-widget-text-editor\" data-id=\"7a9e218\" data-element_type=\"widget\" data-e-type=\"widget\" data-widget_type=\"text-editor.default\">\n\t\t\t\t<div class=\"elementor-widget-container\">\n\t\t\t\t\t\t\t\t\t<p>El acceso a la Web de ChatLigue o a su red de chat implica la aceptaci\u00f3n de las condiciones generales que figuran al pie de esta web, as\u00ed como la aceptaci\u00f3n de las normas que aparecen a continuaci\u00f3n y las relativas a nicks y canales, sin posibilidad de renuncia alguna.<\/p>\t\t\t\t\t\t\t\t<\/div>\n\t\t\t\t<\/div>\n\t\t\t\t\t<\/div>\n\t\t\t\t<\/div>\n\t\t<div class=\"elementor-element elementor-element-48fda5e e-flex e-con-boxed e-con e-parent\" data-id=\"48fda5e\" data-element_type=\"container\" data-e-type=\"container\">\n\t\t\t\t\t<div class=\"e-con-inner\">\n\t\t\t\t<div class=\"elementor-element elementor-element-17e850c elementor-widget elementor-widget-heading\" data-id=\"17e850c\" data-element_type=\"widget\" data-e-type=\"widget\" data-widget_type=\"heading.default\">\n\t\t\t\t<div class=\"elementor-widget-container\">\n\t\t\t\t\t<h2 class=\"elementor-heading-title elementor-size-default\">Normas Generales<\/h2>\t\t\t\t<\/div>\n\t\t\t\t<\/div>\n\t\t\t\t<div class=\"elementor-element elementor-element-3df375f elementor-widget elementor-widget-text-editor\" data-id=\"3df375f\" data-element_type=\"widget\" data-e-type=\"widget\" data-widget_type=\"text-editor.default\">\n\t\t\t\t<div class=\"elementor-widget-container\">\n\t\t\t\t\t\t\t\t\t<ul><li>Est\u00e1n prohibidos los insultos, burlas, amenazas y molestas a usuarios por privado y en los canales.<\/li><li>Los temas privados o controversias y diferencias se tratar\u00e1n en privado evitando hacerlo en canales generales para no molestar al resto de usuarios.<\/li><li>Est\u00e1 prohibido revelar datos personales que atenten contra la intimidad de las personas.<\/li><li>No se permitir\u00e1n actitudes racistas, hom\u00f3fobas, violentas o de cualquier otra \u00edndole que atenten contra la libertad del individuo.<\/li><li>Quedan terminantemente prohibidos los ataques, as\u00ed como el abuso de los recursos del chat (flood, acciones masivas, etc).<\/li><li>No est\u00e1n permitidas las conexiones por proxy o an\u00f3nimas.<\/li><li>El m\u00e1ximo de conexiones (clones) por IP es de 3, en caso de requerir m\u00e1s conexiones puede hacerlo a trav\u00e9s del formulario de contacto o solicitarlo a un representante de la red en el canal #Soporte dentro del mismo chat.<\/li><li>No se podr\u00e1 enviar publicidad o mensajes masivos, tanto de otras redes de chat como promociones comerciales o particulares, tengan o no fines de lucro, sin el consentimiento expreso de la administraci\u00f3n (SPAM).<\/li><li>No se permiten F-Servers o cualquier otro tipo de transferencias que vulneren los derechos de la propiedad intelectual.<\/li><li>No se permite el tr\u00e1fico ilegal de im\u00e1genes de menores o de cualquier otro tipo que infrinjan la legalidad, cualquiera que sea el formato.<\/li><\/ul>\t\t\t\t\t\t\t\t<\/div>\n\t\t\t\t<\/div>\n\t\t\t\t\t<\/div>\n\t\t\t\t<\/div>\n\t\t<div class=\"elementor-element elementor-element-6e6fb28 e-flex e-con-boxed e-con e-parent\" data-id=\"6e6fb28\" data-element_type=\"container\" data-e-type=\"container\">\n\t\t\t\t\t<div class=\"e-con-inner\">\n\t\t\t\t<div class=\"elementor-element elementor-element-897976e elementor-widget elementor-widget-heading\" data-id=\"897976e\" data-element_type=\"widget\" data-e-type=\"widget\" data-widget_type=\"heading.default\">\n\t\t\t\t<div class=\"elementor-widget-container\">\n\t\t\t\t\t<h2 class=\"elementor-heading-title elementor-size-default\">Normas sobre Nicks<\/h2>\t\t\t\t<\/div>\n\t\t\t\t<\/div>\n\t\t\t\t<div class=\"elementor-element elementor-element-e8030db elementor-widget elementor-widget-text-editor\" data-id=\"e8030db\" data-element_type=\"widget\" data-e-type=\"widget\" data-widget_type=\"text-editor.default\">\n\t\t\t\t<div class=\"elementor-widget-container\">\n\t\t\t\t\t\t\t\t\t<ul><li>Los nicks pueden contener letras, n\u00fameros y los s\u00edmbolos \u2013 _ [{}]^. A pesar de esto, no se permiten nicks formados solo por s\u00edmbolos o que comiencen con n\u00fameros y la longitud m\u00e1xima ser\u00e1 de treinta caracteres.<\/li><li>No se permitir\u00e1n nicks ofensivos o que puedan herir la sensibilidad de los usuarios.<\/li><li>No se permitir\u00e1 el uso de nicks que den lugar a confusi\u00f3n con los servicios oficiales o con representantes de la red.<\/li><li>Se permite el registro de cualquier nick que no incumpla estas normas, con la salvedad de limitar a 3 nicks registrados por correo electr\u00f3nico.<\/li><li>La administraci\u00f3n de la red se reserva el derecho a prohibir el registro y uso de cualquier nick de forma discrecional.<\/li><\/ul>\t\t\t\t\t\t\t\t<\/div>\n\t\t\t\t<\/div>\n\t\t\t\t\t<\/div>\n\t\t\t\t<\/div>\n\t\t<div class=\"elementor-element elementor-element-ade7f1f e-flex e-con-boxed e-con e-parent\" data-id=\"ade7f1f\" data-element_type=\"container\" data-e-type=\"container\">\n\t\t\t\t\t<div class=\"e-con-inner\">\n\t\t\t\t<div class=\"elementor-element elementor-element-559dbe5 elementor-widget elementor-widget-heading\" data-id=\"559dbe5\" data-element_type=\"widget\" data-e-type=\"widget\" data-widget_type=\"heading.default\">\n\t\t\t\t<div class=\"elementor-widget-container\">\n\t\t\t\t\t<h2 class=\"elementor-heading-title elementor-size-default\">Registro de Canales<\/h2>\t\t\t\t<\/div>\n\t\t\t\t<\/div>\n\t\t\t\t<div class=\"elementor-element elementor-element-b0472fd elementor-widget elementor-widget-text-editor\" data-id=\"b0472fd\" data-element_type=\"widget\" data-e-type=\"widget\" data-widget_type=\"text-editor.default\">\n\t\t\t\t<div class=\"elementor-widget-container\">\n\t\t\t\t\t\t\t\t\t<p>Se registran canales exclusivamente a petici\u00f3n de un usuario o de la propia administraci\u00f3n de la red, siendo requisito indispensable que el solicitante tenga el nick registrado en la red en un correo v\u00e1lido y que los nicks de los usuarios que apoyen el registro del canal tambi\u00e9n lo est\u00e9n. Se aplicar\u00e1 el l\u00edmite de 3 canales por nick, y todo canal registrado que no sea utilizado por sus usuarios durante 30 d\u00edas ser\u00e1 eliminado de la red. Se necesitan 5 apoyos para que el canal pueda llegar a ser aceptado por la Administraci\u00f3n.<\/p><p>En principio, cualquier canal es susceptible de ser registrado, siempre que se especifique de forma clara y entendible la tem\u00e1tica del canal y se solicite en la categor\u00eda adecuada a la citada tem\u00e1tica, a no ser que entre en conflicto con las siguientes particularidades:<\/p><ul><li>Canales que infrinjan la normativa legal Espa\u00f1ola, como puedan ser drogas, racismo, violencia, apolog\u00eda del terrorismo, pornograf\u00eda infantil, pedofilia, etc.<\/li><li>Canales de copias de software, warez, hacking, cracking, IRC-War o similares.<\/li><li>Canales cuyo nombre o descripci\u00f3n pueda resultar ofensivo, herir la sensibilidad de los usuarios o sea de mal gusto.<\/li><li>Canales que lleven en cualquier lugar de su nombre el nick de alg\u00fan bot oficial de la red o nombre de canales oficiales.<\/li><li>Canales cuya tem\u00e1tica implique compartir datos privados de usuarios como pueden ser, pero sin limitarse a ellos, n\u00fameros de tel\u00e9fono, tarjetas de cr\u00e9dito, DNI, etc.<\/li><li>Canales con tem\u00e1tica o nombre anti_nada ni anti_nadie.<\/li><li>Canales duplicados, entendi\u00e9ndose estos como an\u00e1logos o con descripciones iguales a otros canales ya registrados.<\/li><li>Para el registro de un canal sobre una marca, actividad comercial o de una entidad u organizaci\u00f3n, ya sea con o sin \u00e1nimo de lucro, deber\u00e1 ser solicitado por un representante legal de la misma.<\/li><li>Para el registro de canales con nombres de partidos pol\u00edticos, deben solicitarlo las propias instituciones, o alg\u00fan representante legal de las mismas.<\/li><\/ul>\t\t\t\t\t\t\t\t<\/div>\n\t\t\t\t<\/div>\n\t\t\t\t\t<\/div>\n\t\t\t\t<\/div>\n\t\t<div class=\"elementor-element elementor-element-73d3273 e-flex e-con-boxed e-con e-parent\" data-id=\"73d3273\" data-element_type=\"container\" data-e-type=\"container\">\n\t\t\t\t\t<div class=\"e-con-inner\">\n\t\t\t\t<div class=\"elementor-element elementor-element-7089afa elementor-widget elementor-widget-heading\" data-id=\"7089afa\" data-element_type=\"widget\" data-e-type=\"widget\" data-widget_type=\"heading.default\">\n\t\t\t\t<div class=\"elementor-widget-container\">\n\t\t\t\t\t<h2 class=\"elementor-heading-title elementor-size-default\">Motivos de suspensi\u00f3n de canales<\/h2>\t\t\t\t<\/div>\n\t\t\t\t<\/div>\n\t\t\t\t<div class=\"elementor-element elementor-element-34f1519 elementor-widget elementor-widget-text-editor\" data-id=\"34f1519\" data-element_type=\"widget\" data-e-type=\"widget\" data-widget_type=\"text-editor.default\">\n\t\t\t\t<div class=\"elementor-widget-container\">\n\t\t\t\t\t\t\t\t\t<ul><li>Cualquier canal que infrinja las normas ser\u00e1 motivo de suspensi\u00f3n cautelar y podr\u00e1 ser eliminado totalmente por decisi\u00f3n de la administraci\u00f3n.<\/li><li>Canales en los que se realicen actividades que no se correspondan a las que se indicaron en el momento de su registro.<\/li><li>Cuando se suplanten actividades oficiales de la red sin el consentimiento por escrito de la administraci\u00f3n.<\/li><li>Si el nombre del canal corresponde a una marca registrada en el Registro de Patentes y Marcas, cuando el propietario legal de esta reclame su suspensi\u00f3n.<\/li><li>Cuando se desarrollen actividades comerciales en los canales no destinados para ello, por parte de los usuarios registrados o los administradores, bien sea en forma de mensajes publicitarios, a trav\u00e9s del tema del canal (topic), asesoramiento o promoci\u00f3n de productos o servicios, ya sean gratuitos o no gratuitos.<\/li><\/ul>\t\t\t\t\t\t\t\t<\/div>\n\t\t\t\t<\/div>\n\t\t\t\t\t<\/div>\n\t\t\t\t<\/div>\n\t\t<div class=\"elementor-element elementor-element-2237b7c e-flex e-con-boxed e-con e-parent\" data-id=\"2237b7c\" data-element_type=\"container\" data-e-type=\"container\">\n\t\t\t\t\t<div class=\"e-con-inner\">\n\t\t\t\t<div class=\"elementor-element elementor-element-c1a6b15 elementor-widget elementor-widget-heading\" data-id=\"c1a6b15\" data-element_type=\"widget\" data-e-type=\"widget\" data-widget_type=\"heading.default\">\n\t\t\t\t<div class=\"elementor-widget-container\">\n\t\t\t\t\t<h2 class=\"elementor-heading-title elementor-size-default\">Normas de canales particulares<\/h2>\t\t\t\t<\/div>\n\t\t\t\t<\/div>\n\t\t\t\t<div class=\"elementor-element elementor-element-cdafd04 elementor-widget elementor-widget-text-editor\" data-id=\"cdafd04\" data-element_type=\"widget\" data-e-type=\"widget\" data-widget_type=\"text-editor.default\">\n\t\t\t\t<div class=\"elementor-widget-container\">\n\t\t\t\t\t\t\t\t\t<p>Los canales particulares, es decir, que han sido solicitados por un usuario para uso privado y no son considerados de inter\u00e9s general, tienen como norma fundamental no aprovecharse de los recursos de la red, para molestar o atacar a los usuarios. Deber\u00e1n tambi\u00e9n respetar el uso de la sala o canal de acuerdo con la tem\u00e1tica y la descripci\u00f3n para la que se ha solicitado su registro.<\/p>\t\t\t\t\t\t\t\t<\/div>\n\t\t\t\t<\/div>\n\t\t\t\t\t<\/div>\n\t\t\t\t<\/div>\n\t\t<div class=\"elementor-element elementor-element-3a30b76 e-flex e-con-boxed e-con e-parent\" data-id=\"3a30b76\" data-element_type=\"container\" data-e-type=\"container\">\n\t\t\t\t\t<div class=\"e-con-inner\">\n\t\t\t\t<div class=\"elementor-element elementor-element-757dbc9 elementor-widget elementor-widget-heading\" data-id=\"757dbc9\" data-element_type=\"widget\" data-e-type=\"widget\" data-widget_type=\"heading.default\">\n\t\t\t\t<div class=\"elementor-widget-container\">\n\t\t\t\t\t<h2 class=\"elementor-heading-title elementor-size-default\">Normas de canales Oficiales y de Inter\u00e9s General<\/h2>\t\t\t\t<\/div>\n\t\t\t\t<\/div>\n\t\t\t\t<div class=\"elementor-element elementor-element-cc7ce01 elementor-widget elementor-widget-text-editor\" data-id=\"cc7ce01\" data-element_type=\"widget\" data-e-type=\"widget\" data-widget_type=\"text-editor.default\">\n\t\t\t\t<div class=\"elementor-widget-container\">\n\t\t\t\t\t\t\t\t\t<p>Los canales Oficial es y de Inter\u00e9s General pueden estar gestionados por un usuario en concreto el cual figurar\u00e1 como fundador del canal. No obstante, estos canales est\u00e1n a disposici\u00f3n de la red y el fundador puede ser reemplazado por la administraci\u00f3n de la red en cualquier momento. Adem\u00e1s de las normas de la red de aplicaci\u00f3n a todos los canales, en los canales oficiales o aquellos que est\u00e9n catalogados como de inter\u00e9s general, deber\u00e1s respetar estas normas que aparecen a continuaci\u00f3n, las cuales te recomendamos utilizar en toda la red:<\/p><ul><li>No se permitir\u00e1 que se prohiba el acceso o se expulse a usuarios por utilizar una plataforma concreta para conectarse al chat, como puede ser a trav\u00e9s del webchat o del m\u00f3vil con la app de Android, IOS, etc.<\/li><li>No se puede usar modos restrictivos en el canal, tales como +R, +M, +m, +k, +z, +l, +i, salvo en casos puntuales como ataques con clones o usuarios molestos en masa que se saltan las prohibiciones. En estos casos, tan pronto como sea posible o cese el ataque, se quitar\u00e1n los modos restrictivos y se recomienda avisar a un Operador de la Red.<\/li><li>No podr\u00e1n aplicarse normas arbitrarias sobre uso de colores o que el usuario est\u00e9 en otros canales para impedir de forma automatizada el acceso o expulsi\u00f3n de los usuarios a una sala o canal.<\/li><li>No se permitir\u00e1 la promoci\u00f3n, defensa o exaltaci\u00f3n, ya sea por medio de mensajes, nicks, idents, realnames o cualquier otro medio de conductas discriminatorias, de apolog\u00eda a las drogas (blandas o duras), el terrorismo, el nacismo o el racismo.<\/li><li>No se permitir\u00e1 la expulsi\u00f3n de usuarios por motivo de raza, g\u00e9nero, orientaci\u00f3n sexual, orientaci\u00f3n pol\u00edtica y, en general, motivos discriminatorios.<\/li><li>No se obligar\u00e1 a los usuarios a tener nicks registrados, ni a ponerse nicks concretos cuando entren por ejemplo con nicks como invitado-XXXXXX, estos usuarios puede que quieran mantener su privacidad.<\/li><li>No se permitir\u00e1n mensajes que revelen datos personales, especialmente con n\u00fameros de tel\u00e9fono. Tampoco se permiten mensajes con publicidad o p\u00e1ginas web que no vengan a cuenta en la conversaci\u00f3n del canal.<\/li><li>Se tratar\u00e1 de informar a los usuarios para que no utilicen de forma constante y reiterada may\u00fasculas, en los mensajes escritos internet interpreta las may\u00fasculas como gritos.<\/li><li>No se permitir\u00e1 el env\u00edo de textos deforma masiva y reiterada, as\u00ed como el copiado y pegado de un texto de forma sistem\u00e1tica para molestar a otros usuarios, por ejemplo, flood o pegar la letra de una canci\u00f3n.<\/li><li>No se permitir\u00e1n las conversaciones o mensajes de sexo expl\u00edcito, como medida para proteger sobre todo a menores de edad que puedan entrar al canal, excepto en las salas que sean exclusivamente de tem\u00e1tica sexual, como #sexo, #cibersexo, etc.<\/li><li>Los nicks que contengan \u201cgay\u201d, \u201cLes\u201d, \u201cbi\u201d, \u201cSex\u201d, \u201cxx\u201d, \u201cact\u201d, \u201cpas\u201d, \u201ccam\u201d, \u201csumiso\u201d, \u201cDominante\u201d, \u201ctravesti\u201d, \u201cdiscreto\u201d o similares NO pueden ser expulsados directamente por ello, a menos que muestren b\u00fasqueda expl\u00edcita de sexo a trav\u00e9s de su nick o mediante mensajes al canal.<\/li><li>Siempre que un moderador expulse a un usuario, deber\u00e1 poner claramente el motivo de la expulsi\u00f3n, evitando poner mensajes de burla, insultantes o con faltas de respeto. Igualmente para los motivos de los akicks.<\/li><li>Cuando los moderadores del canal esten ejerciendo como tales, estando con el modo de su rango activo en el canal (&,@,%) deber\u00e1n estar disponibles, tambi\u00e9n para poder atender dudas y\/o quejas de los usuarios, por este motivo no podr\u00e1n tener activo en el nick los modos +R, +Z o estar ausentes.<\/li><li>En el caso de no tener clara la intenci\u00f3n o acci\u00f3n que realiza un nick sospechoso, seremos prudentes y esperaremos antes de expulsarlo o banearlo por error.<\/li><\/ul><p>Cada canal adem\u00e1s tendr\u00e1 y aplicar\u00e1 aquellas que los moderadores y el fundador acuerden y puedan considerarse oportunas para una mejor estancia y convivencia de todos los usuarios en cada uno de los canales de la red. Como excepci\u00f3n, pueden existir canales oficiales o de inter\u00e9s general que, por circunstancias concretas y con aprobaci\u00f3n por parte de la Administraci\u00f3n de la red, est\u00e9n autorizados a no aplicar alguna de las normas anteriormente mencionadas.<\/p>\t\t\t\t\t\t\t\t<\/div>\n\t\t\t\t<\/div>\n\t\t\t\t\t<\/div>\n\t\t\t\t<\/div>\n\t\t<div class=\"elementor-element elementor-element-2ddbd3f e-flex e-con-boxed e-con e-parent\" data-id=\"2ddbd3f\" data-element_type=\"container\" data-e-type=\"container\">\n\t\t\t\t\t<div class=\"e-con-inner\">\n\t\t\t\t<div class=\"elementor-element elementor-element-697f589 elementor-widget elementor-widget-heading\" data-id=\"697f589\" data-element_type=\"widget\" data-e-type=\"widget\" data-widget_type=\"heading.default\">\n\t\t\t\t<div class=\"elementor-widget-container\">\n\t\t\t\t\t<h2 class=\"elementor-heading-title elementor-size-default\">Recomendaciones<\/h2>\t\t\t\t<\/div>\n\t\t\t\t<\/div>\n\t\t\t\t<div class=\"elementor-element elementor-element-6758da4 elementor-widget elementor-widget-text-editor\" data-id=\"6758da4\" data-element_type=\"widget\" data-e-type=\"widget\" data-widget_type=\"text-editor.default\">\n\t\t\t\t<div class=\"elementor-widget-container\">\n\t\t\t\t\t\t\t\t\t<p>Adem\u00e1s de las normas anteriores, para facilitar su estancia y la de los dem\u00e1s usuarios, as\u00ed como para protegerte a ti mismo, te hacemos las siguientes recomendaciones:<\/p><ul><li>Evita los mensajes de saludo autom\u00e1ticos en los canales, pueden resultar molestos a otros usuarios.<\/li><li>Intenta mantener un buen ambiente en los canales y con los dem\u00e1s usuarios de la red.<\/li><li>Haz un uso moderado de las may\u00fasculas y de los colores.<\/li><li>No aceptes archivos que te env\u00eden otros usuarios si no est\u00e1s seguro de su procedencia, pueden contener virus o troyanos.<\/li><li>No reveles datos personales o direcciones por canales o en privado si no estas seguro de a quien se los das.<\/li><li>Si necesitas ayuda, entra a nuestro canal de atenci\u00f3n al usuario #Soporte para que un representante de la red pueda ayudarte.<\/li><\/ul>\t\t\t\t\t\t\t\t<\/div>\n\t\t\t\t<\/div>\n\t\t\t\t\t<\/div>\n\t\t\t\t<\/div>\n\t\t\t\t<\/div>\n\t\t","protected":false},"excerpt":{"rendered":"<p>El acceso a la Web de ChatLigue o a su red de chat implica la aceptaci\u00f3n de las condiciones generales que figuran al pie de esta web, as\u00ed como la aceptaci\u00f3n de las normas que aparecen a continuaci\u00f3n y las relativas a nicks y canales, sin posibilidad de renuncia alguna. Normas Generales Est\u00e1n prohibidos los &hellip; <a href=\"https:\/\/www.chatligue.com\/usuarios\/normas-generales\/\" class=\"more-link\">Seguir leyendo<span class=\"screen-reader-text\"> &#8220;Normas Generales&#8221;<\/span><\/a><\/p>\n","protected":false},"author":1,"featured_media":0,"parent":0,"menu_order":0,"comment_status":"closed","ping_status":"closed","template":"","meta":{"footnotes":""},"class_list":["post-266","page","type-page","status-publish","hentry"],"_links":{"self":[{"href":"https:\/\/www.chatligue.com\/usuarios\/wp-json\/wp\/v2\/pages\/266","targetHints":{"allow":["GET"]}}],"collection":[{"href":"https:\/\/www.chatligue.com\/usuarios\/wp-json\/wp\/v2\/pages"}],"about":[{"href":"https:\/\/www.chatligue.com\/usuarios\/wp-json\/wp\/v2\/types\/page"}],"author":[{"embeddable":true,"href":"https:\/\/www.chatligue.com\/usuarios\/wp-json\/wp\/v2\/users\/1"}],"replies":[{"embeddable":true,"href":"https:\/\/www.chatligue.com\/usuarios\/wp-json\/wp\/v2\/comments?post=266"}],"version-history":[{"count":16,"href":"https:\/\/www.chatligue.com\/usuarios\/wp-json\/wp\/v2\/pages\/266\/revisions"}],"predecessor-version":[{"id":392,"href":"https:\/\/www.chatligue.com\/usuarios\/wp-json\/wp\/v2\/pages\/266\/revisions\/392"}],"wp:attachment":[{"href":"https:\/\/www.chatligue.com\/usuarios\/wp-json\/wp\/v2\/media?parent=266"}],"curies":[{"name":"wp","href":"https:\/\/api.w.org\/{rel}","templated":true}]}}