{"id":264,"date":"2023-11-13T23:38:09","date_gmt":"2023-11-13T22:38:09","guid":{"rendered":"https:\/\/www.chatligue.com\/usuarios\/?page_id=264"},"modified":"2023-11-15T11:20:50","modified_gmt":"2023-11-15T10:20:50","slug":"modos-del-chat","status":"publish","type":"page","link":"https:\/\/www.chatligue.com\/usuarios\/modos-del-chat\/","title":{"rendered":"Modos del Chat"},"content":{"rendered":"\t\t<div data-elementor-type=\"wp-page\" data-elementor-id=\"264\" class=\"elementor elementor-264\">\n\t\t\t\t<div class=\"elementor-element elementor-element-75d7fe3 e-flex e-con-boxed e-con e-parent\" data-id=\"75d7fe3\" data-element_type=\"container\" data-e-type=\"container\">\n\t\t\t\t\t<div class=\"e-con-inner\">\n\t\t\t\t<div class=\"elementor-element elementor-element-b653608 elementor-widget elementor-widget-text-editor\" data-id=\"b653608\" data-element_type=\"widget\" data-e-type=\"widget\" data-widget_type=\"text-editor.default\">\n\t\t\t\t<div class=\"elementor-widget-container\">\n\t\t\t\t\t\t\t\t\t<p>Los modos del chat, o modos del protocolo IRC, son una serie de configuraciones asociadas a nicks o canales que permiten marcar a un usuario o canal con ciertas opciones habilitadas o no.<\/p><p>Para activar un modo de usuario o canal utilizaremos la sintaxis que aparece a continuaci\u00f3n:<\/p><p style=\"text-align: left; padding-left: 40px;\"><em>\/mode nick-o-canal +modos par\u00e1metros<br \/><\/em><\/p><p>Para desactivar un modo de usuario o canal utilizaremos la sintaxis que aparece a continuaci\u00f3n:<\/p><p style=\"padding-left: 40px;\"><em>\/mode nick-o-canal -modos par\u00e1metros<\/em><\/p><p>En el caso de los modos que requieren par\u00e1metros, como los de privilegios de usuarios en canales, debemos especificar el canal y los par\u00e1metros del modo escribiendo. Ha de tenerse en cuenta que el par\u00e1metro para los modos de canal que conceden Status al usuario, deben escribirse el nick al cual se le aplicar\u00e1 el status. Algunos modos se fijan de forma autom\u00e1tica por parte de los bots o del servidor del chat de la red, y los usuarios no pueden pon\u00e9rselos ni quit\u00e1rselos a voluntad.<\/p>\t\t\t\t\t\t\t\t<\/div>\n\t\t\t\t<\/div>\n\t\t\t\t\t<\/div>\n\t\t\t\t<\/div>\n\t\t<div class=\"elementor-element elementor-element-9dac5d9 e-flex e-con-boxed e-con e-parent\" data-id=\"9dac5d9\" data-element_type=\"container\" data-e-type=\"container\">\n\t\t\t\t\t<div class=\"e-con-inner\">\n\t\t\t\t<div class=\"elementor-element elementor-element-6a6a6cf elementor-widget elementor-widget-heading\" data-id=\"6a6a6cf\" data-element_type=\"widget\" data-e-type=\"widget\" data-widget_type=\"heading.default\">\n\t\t\t\t<div class=\"elementor-widget-container\">\n\t\t\t\t\t<h2 class=\"elementor-heading-title elementor-size-default\">Modos de usuario generales<\/h2>\t\t\t\t<\/div>\n\t\t\t\t<\/div>\n\t\t\t\t<div class=\"elementor-element elementor-element-37c216b elementor-widget elementor-widget-text-editor\" data-id=\"37c216b\" data-element_type=\"widget\" data-e-type=\"widget\" data-widget_type=\"text-editor.default\">\n\t\t\t\t<div class=\"elementor-widget-container\">\n\t\t\t\t\t\t\t\t\t<p>Estos modos generales pueden ser utilizados por cualquier usuario de la red a su gusto. Algunos dependen de las opciones de configuraci\u00f3n del usuario o su situaci\u00f3n en ese momento:<\/p><ul><li><strong>Modo d:<\/strong> se ignoran los mensajes de los canales.<\/li><li><strong>Modo<\/strong> <strong>D: <\/strong>se ignoran los mensajes en los privados salvo los de los IRCops.<\/li><li><strong>Modo G: <\/strong>filtra las palabras catalogadas como prohibidas.<\/li><li><strong>Modo I: <\/strong>oculta tu tiempo online en el \/whois<\/li><li><strong>Modo i: <\/strong>modo invisible (no aparece utilizando \/who).<\/li><li><strong>Modo p: <\/strong>oculta los canales en los que est\u00e1s en el \/whois<\/li><li><strong>Modo R:<\/strong> solo recibe privados de nicks registrados con el flag +r.<\/li><li><strong>Modo r: <\/strong>nick registrado y protegido en el chat.<\/li><li><strong>Modo s: <\/strong>recibir noticias del servidor del chat.<\/li><li><strong>Modo T: <\/strong>te previene de recibir CTCPs.<\/li><li><strong>Modo t: <\/strong>indica que est\u00e1s usando una vhost.<\/li><li><strong>Modo w: <\/strong>recibir wallops del servidor del chat.<\/li><li><strong>Modo x:<\/strong> cifra tu IP real.<\/li><li><strong>Modo Z:<\/strong> s\u00f3lo puedes recibir mensajes de usuarios con conexi\u00f3n segura (+z).<\/li><li><strong>Modo z:<\/strong> usuario conectado mediante conexi\u00f3n segura SSL.<\/li><\/ul>\t\t\t\t\t\t\t\t<\/div>\n\t\t\t\t<\/div>\n\t\t\t\t\t<\/div>\n\t\t\t\t<\/div>\n\t\t<div class=\"elementor-element elementor-element-976ec87 e-flex e-con-boxed e-con e-parent\" data-id=\"976ec87\" data-element_type=\"container\" data-e-type=\"container\">\n\t\t\t\t\t<div class=\"e-con-inner\">\n\t\t\t\t<div class=\"elementor-element elementor-element-96be40e elementor-widget elementor-widget-heading\" data-id=\"96be40e\" data-element_type=\"widget\" data-e-type=\"widget\" data-widget_type=\"heading.default\">\n\t\t\t\t<div class=\"elementor-widget-container\">\n\t\t\t\t\t<h2 class=\"elementor-heading-title elementor-size-default\">Modos de usuario especiales<\/h2>\t\t\t\t<\/div>\n\t\t\t\t<\/div>\n\t\t\t\t<div class=\"elementor-element elementor-element-e38f1e4 elementor-widget elementor-widget-text-editor\" data-id=\"e38f1e4\" data-element_type=\"widget\" data-e-type=\"widget\" data-widget_type=\"text-editor.default\">\n\t\t\t\t<div class=\"elementor-widget-container\">\n\t\t\t\t\t\t\t\t\t<p>Estos modos detallan los privilegios especiales de los representantes de la red o los bots de servicio. Estos modos no est\u00e1n disponibles al resto de los usuarios:<\/p><ul><li><strong>Modo B:<\/strong> bot oficial de la red.<\/li><li><strong>Modo H:<\/strong> esconde tu estatus de operador.<\/li><li><strong>Modo o:<\/strong> IRCop de la red global.<\/li><li><strong>Modo q:<\/strong> s\u00f3lo puede ser expulsado por los services.<\/li><li><strong>Modo S:<\/strong> marca a los Services de la red.<\/li><li><strong>Modo W:<\/strong> permite ver qu\u00e9 usuarios te hacen \/whois.<\/li><\/ul>\t\t\t\t\t\t\t\t<\/div>\n\t\t\t\t<\/div>\n\t\t\t\t\t<\/div>\n\t\t\t\t<\/div>\n\t\t<div class=\"elementor-element elementor-element-7859370 e-flex e-con-boxed e-con e-parent\" data-id=\"7859370\" data-element_type=\"container\" data-e-type=\"container\">\n\t\t\t\t\t<div class=\"e-con-inner\">\n\t\t\t\t<div class=\"elementor-element elementor-element-b750207 elementor-widget elementor-widget-heading\" data-id=\"b750207\" data-element_type=\"widget\" data-e-type=\"widget\" data-widget_type=\"heading.default\">\n\t\t\t\t<div class=\"elementor-widget-container\">\n\t\t\t\t\t<h2 class=\"elementor-heading-title elementor-size-default\">Modos de privilegios de canales<\/h2>\t\t\t\t<\/div>\n\t\t\t\t<\/div>\n\t\t\t\t<div class=\"elementor-element elementor-element-96be75e elementor-widget elementor-widget-text-editor\" data-id=\"96be75e\" data-element_type=\"widget\" data-e-type=\"widget\" data-widget_type=\"text-editor.default\">\n\t\t\t\t<div class=\"elementor-widget-container\">\n\t\t\t\t\t\t\t\t\t<p>Estos modos son los rangos que puede tener un usuario que se encuentre dentro de un canal en nuestra red de chat:<\/p><ul><li><strong>Modo q:<\/strong> usuario con status de fundador (~) del canal.<\/li><li><strong>Modo a:<\/strong> usuario con status de administrador (&) del canal.<\/li><li><strong>Modo o:<\/strong> usuario con status de operador (@) del canal.<\/li><li><strong>Modo h:<\/strong> usuario con status de halfoperador (%) del canal.<\/li><li><strong>Modo v:<\/strong> usuario con status de voz (+) del canal.<\/li><li><strong>Modo b:<\/strong> usuario\/IP con acceso no permitido al canal.<\/li><li><strong>Modo e:<\/strong> permite agregar una excepci\u00f3n de Ban a una m\u00e1scara.<\/li><li><strong>Modo I:<\/strong> permite agregar una excepci\u00f3n de invite a una m\u00e1scara.<\/li><\/ul>\t\t\t\t\t\t\t\t<\/div>\n\t\t\t\t<\/div>\n\t\t\t\t\t<\/div>\n\t\t\t\t<\/div>\n\t\t<div class=\"elementor-element elementor-element-9e5f885 e-flex e-con-boxed e-con e-parent\" data-id=\"9e5f885\" data-element_type=\"container\" data-e-type=\"container\">\n\t\t\t\t\t<div class=\"e-con-inner\">\n\t\t\t\t<div class=\"elementor-element elementor-element-cd7816c elementor-widget elementor-widget-heading\" data-id=\"cd7816c\" data-element_type=\"widget\" data-e-type=\"widget\" data-widget_type=\"heading.default\">\n\t\t\t\t<div class=\"elementor-widget-container\">\n\t\t\t\t\t<h2 class=\"elementor-heading-title elementor-size-default\">Modos de configuraci\u00f3n de canales<\/h2>\t\t\t\t<\/div>\n\t\t\t\t<\/div>\n\t\t\t\t<div class=\"elementor-element elementor-element-591e13f elementor-widget elementor-widget-text-editor\" data-id=\"591e13f\" data-element_type=\"widget\" data-e-type=\"widget\" data-widget_type=\"text-editor.default\">\n\t\t\t\t<div class=\"elementor-widget-container\">\n\t\t\t\t\t\t\t\t\t<p>Estos modos se utilizan para configurar el acceso general a la sala, as\u00ed como las propiedades de cada una de ellas:<\/p><ul><li><strong>Modo C:<\/strong> no se puede enviar CTCPs al canal.<\/li><li><strong>Modo c:<\/strong> bloquea los mensajes con colores.<\/li><li><strong>Modo D:<\/strong> impide hablar al usuario hasta que transcurra X tiempo desde que entra al canal.<\/li><li><strong>Modo d:<\/strong> permite hablar nada m\u00e1s entrar al usuario.<\/li><li><strong>Modo F:<\/strong> permite configurar una protecci\u00f3n de Flood predefinida.<\/li><li><strong>Modo f:<\/strong> permite configurar una protecci\u00f3n de Flood manualmente.<\/li><li><strong>Modo G:<\/strong> filtra las palabras catalogadas como prohibidas.<\/li><li><strong>Modo H:<\/strong> permite guardar un peque\u00f1o historial del canal.<\/li><li><strong>Modo i:<\/strong> s\u00f3lo podr\u00e1 accederse al canal mediante invitaci\u00f3n.<\/li><li><strong>Modo K:<\/strong> el comando \/knock no est\u00e1 permitido.<\/li><li><strong>Modo k:<\/strong> canal protegido con contrase\u00f1a, debe especificarse para entrar al canal.<\/li><li><strong>Modo L:<\/strong> cuando se supera el l\u00edmite de usuarios permitidos, se redirige al canal indicado.<\/li><li><strong>Modo l:<\/strong> indica el l\u00edmite m\u00e1ximo de usuarios que pueden entrar al canal.<\/li><li><strong>Modo M:<\/strong> s\u00f3lo pueden hablar usuarios con el nick registrado (+r) o representantes del canal (+q,+a,+o,+h,+v).<\/li><li><strong>Modo m:<\/strong> s\u00f3lo pueden hablar los representantes del canal (+q,+a,+o,+h,+v).<\/li><li><strong>Modo N: <\/strong>no se puede cambiar de nick mientras estes dentro del canal.<\/li><li><strong>Modo n:<\/strong> s\u00f3lo los usuarios que est\u00e1n dentro del canal pueden hablar.<\/li><li><strong>Modo O:<\/strong> s\u00f3lo los IRCops pueden entrar al canal.<\/li><li><strong>Modo P:<\/strong> conserva los bans, topics, modos, etc. aunque el canal quede vac\u00edo.<\/li><li><strong>Modo p:<\/strong> canal privado (no sale en la lista de canales \/list).<\/li><li><strong>Modo Q:<\/strong> no se permite usar el comando \/kick y s\u00f3lo podr\u00e1 expulsarse mediante los Services.<\/li><li><strong>Modo R:<\/strong> s\u00f3lo pueden entrar los usuarios con el nick registrado (+r).<\/li><li><strong>Modo r:<\/strong> canal registrado en los services de la red.<\/li><li><strong>Modo S: <\/strong>elimina los colores de los mensajes.<\/li><li><strong>Modo s:<\/strong> canal secreto (no sale en la lista de canales \/list ni en el \/whois).<\/li><li><strong>Modo T:<\/strong> no se permite enviar notices al canal.<\/li><li><strong>Modo t:<\/strong> s\u00f3lo usuarios con +h,+o,+a y +q pueden cambiar el topic.<\/li><li><strong>Modo V:<\/strong> no est\u00e1 permitido el comando \/invite en el canal.<\/li><li><strong>Modo Z:<\/strong> indica que en el canal s\u00f3lo hay gente con conexi\u00f3n segura (+z).<\/li><li><strong>Modo z:<\/strong> s\u00f3lo podr\u00e1n acceder al canal usuarios con conexi\u00f3n segura (+z).<\/li><\/ul>\t\t\t\t\t\t\t\t<\/div>\n\t\t\t\t<\/div>\n\t\t\t\t\t<\/div>\n\t\t\t\t<\/div>\n\t\t\t\t<\/div>\n\t\t","protected":false},"excerpt":{"rendered":"<p>Los modos del chat, o modos del protocolo IRC, son una serie de configuraciones asociadas a nicks o canales que permiten marcar a un usuario o canal con ciertas opciones habilitadas o no. Para activar un modo de usuario o canal utilizaremos la sintaxis que aparece a continuaci\u00f3n: \/mode nick-o-canal +modos par\u00e1metros Para desactivar un &hellip; <a href=\"https:\/\/www.chatligue.com\/usuarios\/modos-del-chat\/\" class=\"more-link\">Seguir leyendo<span class=\"screen-reader-text\"> &#8220;Modos del Chat&#8221;<\/span><\/a><\/p>\n","protected":false},"author":1,"featured_media":0,"parent":0,"menu_order":0,"comment_status":"closed","ping_status":"closed","template":"","meta":{"footnotes":""},"class_list":["post-264","page","type-page","status-publish","hentry"],"_links":{"self":[{"href":"https:\/\/www.chatligue.com\/usuarios\/wp-json\/wp\/v2\/pages\/264","targetHints":{"allow":["GET"]}}],"collection":[{"href":"https:\/\/www.chatligue.com\/usuarios\/wp-json\/wp\/v2\/pages"}],"about":[{"href":"https:\/\/www.chatligue.com\/usuarios\/wp-json\/wp\/v2\/types\/page"}],"author":[{"embeddable":true,"href":"https:\/\/www.chatligue.com\/usuarios\/wp-json\/wp\/v2\/users\/1"}],"replies":[{"embeddable":true,"href":"https:\/\/www.chatligue.com\/usuarios\/wp-json\/wp\/v2\/comments?post=264"}],"version-history":[{"count":22,"href":"https:\/\/www.chatligue.com\/usuarios\/wp-json\/wp\/v2\/pages\/264\/revisions"}],"predecessor-version":[{"id":354,"href":"https:\/\/www.chatligue.com\/usuarios\/wp-json\/wp\/v2\/pages\/264\/revisions\/354"}],"wp:attachment":[{"href":"https:\/\/www.chatligue.com\/usuarios\/wp-json\/wp\/v2\/media?parent=264"}],"curies":[{"name":"wp","href":"https:\/\/api.w.org\/{rel}","templated":true}]}}