{"id":262,"date":"2023-11-13T23:37:56","date_gmt":"2023-11-13T22:37:56","guid":{"rendered":"https:\/\/www.chatligue.com\/usuarios\/?page_id=262"},"modified":"2024-04-19T11:20:14","modified_gmt":"2024-04-19T09:20:14","slug":"seguridad-en-el-chat","status":"publish","type":"page","link":"https:\/\/www.chatligue.com\/usuarios\/seguridad-en-el-chat\/","title":{"rendered":"Seguridad en el Chat"},"content":{"rendered":"\t\t<div data-elementor-type=\"wp-page\" data-elementor-id=\"262\" class=\"elementor elementor-262\">\n\t\t\t\t<div class=\"elementor-element elementor-element-98e11a6 e-flex e-con-boxed e-con e-parent\" data-id=\"98e11a6\" data-element_type=\"container\" data-e-type=\"container\">\n\t\t\t\t\t<div class=\"e-con-inner\">\n\t\t\t\t<div class=\"elementor-element elementor-element-27d46c8 elementor-widget elementor-widget-text-editor\" data-id=\"27d46c8\" data-element_type=\"widget\" data-e-type=\"widget\" data-widget_type=\"text-editor.default\">\n\t\t\t\t<div class=\"elementor-widget-container\">\n\t\t\t\t\t\t\t\t\t<p>Por defecto, tus datos est\u00e1n seguros. Nosotros s\u00f3lo utilizamos tu direcci\u00f3n email para registrar tu nick de usuario y perfil, en caso de que desees registrarte, ya que el registro en nuestra red es completamente opcional, no necesitas registrarte para poder chatear.<\/p><p>Puedes incorporar otros datos personales a tu perfil de la Red Social de ChatLigue, accesible mediante la web. En este caso podr\u00e1s configurar las opciones de seguridad para decidir quienes van a poder visualizar tus datos.<\/p>\t\t\t\t\t\t\t\t<\/div>\n\t\t\t\t<\/div>\n\t\t\t\t\t<\/div>\n\t\t\t\t<\/div>\n\t\t<div class=\"elementor-element elementor-element-7d6e7a0 e-flex e-con-boxed e-con e-parent\" data-id=\"7d6e7a0\" data-element_type=\"container\" data-e-type=\"container\">\n\t\t\t\t\t<div class=\"e-con-inner\">\n\t\t\t\t<div class=\"elementor-element elementor-element-659581e elementor-widget elementor-widget-heading\" data-id=\"659581e\" data-element_type=\"widget\" data-e-type=\"widget\" data-widget_type=\"heading.default\">\n\t\t\t\t<div class=\"elementor-widget-container\">\n\t\t\t\t\t<h2 class=\"elementor-heading-title elementor-size-default\">Seguridad de datos en el Chat<\/h2>\t\t\t\t<\/div>\n\t\t\t\t<\/div>\n\t\t\t\t<div class=\"elementor-element elementor-element-4f8e2c9 elementor-widget elementor-widget-text-editor\" data-id=\"4f8e2c9\" data-element_type=\"widget\" data-e-type=\"widget\" data-widget_type=\"text-editor.default\">\n\t\t\t\t<div class=\"elementor-widget-container\">\n\t\t\t\t\t\t\t\t\t<p>En el chat, los usuarios son totalmente an\u00f3nimos y s\u00f3lo podr\u00e1n ser reconocidos si est\u00e1n registrados y estos muestran p\u00fablicamente su perfil o ciertos datos de su perfil, seg\u00fan las opciones de privacidad seleccionadas por ellos mismos. Por este motivo, todos tus datos est\u00e1n&nbsp; completamente protegidos en nuestros servidores y los dem\u00e1s usuarios no tienen acceso a ellos.<\/p><p>Adem\u00e1s, nuestros servidores proporcionan un sistema de cifrado de datos que utiliza un hash especial proporcionado por WordPress, de tal modo que todas contrase\u00f1as son \u00fanicas, incluso si dos usuarios tuvieran la misma, tendr\u00edan c\u00f3digo de encriptaci\u00f3n diferente y \u00fanico. De este modo resulta imposible descifrar la contrase\u00f1a, ni siquiera para los administradores de la red. Si por alg\u00fan casual olvidases la contrase\u00f1a, existe la opci\u00f3n de solicitar que te llegue al correo asociado a tu registro o la opci\u00f3n de que un Administrador te genere una nueva contrase\u00f1a, pero nunca podr\u00e1 darte la actual porque le es imposible saberla, para ofrecer de este modo una m\u00e1xima privacidad y protecci\u00f3n de los datos.<\/p>\t\t\t\t\t\t\t\t<\/div>\n\t\t\t\t<\/div>\n\t\t\t\t\t<\/div>\n\t\t\t\t<\/div>\n\t\t<div class=\"elementor-element elementor-element-9831243 e-flex e-con-boxed e-con e-parent\" data-id=\"9831243\" data-element_type=\"container\" data-e-type=\"container\">\n\t\t\t\t\t<div class=\"e-con-inner\">\n\t\t\t\t<div class=\"elementor-element elementor-element-9dc2832 elementor-widget elementor-widget-heading\" data-id=\"9dc2832\" data-element_type=\"widget\" data-e-type=\"widget\" data-widget_type=\"heading.default\">\n\t\t\t\t<div class=\"elementor-widget-container\">\n\t\t\t\t\t<h2 class=\"elementor-heading-title elementor-size-default\">\u00bfY mi n\u00famero de tel\u00e9fono?<\/h2>\t\t\t\t<\/div>\n\t\t\t\t<\/div>\n\t\t\t\t<div class=\"elementor-element elementor-element-5e489de elementor-widget elementor-widget-text-editor\" data-id=\"5e489de\" data-element_type=\"widget\" data-e-type=\"widget\" data-widget_type=\"text-editor.default\">\n\t\t\t\t<div class=\"elementor-widget-container\">\n\t\t\t\t\t\t\t\t\t<p>Nosotros no utilizamos ni almacenamos el n\u00famero de tel\u00e9fono de nuestros usuarios cuando chateas, ni de los an\u00f3nimos ni de los registrados, a diferencia de otros servicios de chat. En la actualidad, muchos usuarios utilizan otros servicios de chat como Whatsapp o Viber, en donde el n\u00famero de tel\u00e9fono es el identificador de usuario, por eso desaconsejamos dar a usuarios que no son de nuestra entera confianza el Whatsapp o V\u00edber entre otros, ya que si das tu n\u00famero de tel\u00e9fono en el chat por privado a otros usuarios que no son de tu entera confianza, estos podr\u00e1n hacer lo que quieran con el n\u00famero. Y ni qu\u00e9 decir que desaconsejamos todav\u00eda m\u00e1s dar el n\u00famero de tel\u00e9fono en canales p\u00fablicos donde cualquiera puede verlo y utilizarlo para fines poco \u00e9ticos o l\u00edcitos.<\/p>\t\t\t\t\t\t\t\t<\/div>\n\t\t\t\t<\/div>\n\t\t\t\t\t<\/div>\n\t\t\t\t<\/div>\n\t\t<div class=\"elementor-element elementor-element-84b95e9 e-flex e-con-boxed e-con e-parent\" data-id=\"84b95e9\" data-element_type=\"container\" data-e-type=\"container\">\n\t\t\t\t\t<div class=\"e-con-inner\">\n\t\t\t\t<div class=\"elementor-element elementor-element-479d968 elementor-widget elementor-widget-heading\" data-id=\"479d968\" data-element_type=\"widget\" data-e-type=\"widget\" data-widget_type=\"heading.default\">\n\t\t\t\t<div class=\"elementor-widget-container\">\n\t\t\t\t\t<h2 class=\"elementor-heading-title elementor-size-default\">Extensiones para el Navegador<\/h2>\t\t\t\t<\/div>\n\t\t\t\t<\/div>\n\t\t\t\t<div class=\"elementor-element elementor-element-371bd2a elementor-widget elementor-widget-text-editor\" data-id=\"371bd2a\" data-element_type=\"widget\" data-e-type=\"widget\" data-widget_type=\"text-editor.default\">\n\t\t\t\t<div class=\"elementor-widget-container\">\n\t\t\t\t\t\t\t\t\t<p>Las extensiones, pluggins, addons o complementos son aplicaciones que ampl\u00edan las funciones de tu navegador. No obstante, existen extensiones que pueden insertar publicidad intrusiva en tu navegador mientras navegas, o recoger datos de tu navegaci\u00f3n. Pueden instalarse sin tu consentimiento expreso y poner en peligro tu informaci\u00f3n, por lo que debes verificar con frecuencia si tienes extensiones de este tipo y desinstalarlas. Para saber c\u00f3mo desinstalar las extensiones de tu navegador, consulta el manual o tutorial de uso de tu navegador.<\/p>\t\t\t\t\t\t\t\t<\/div>\n\t\t\t\t<\/div>\n\t\t\t\t\t<\/div>\n\t\t\t\t<\/div>\n\t\t<div class=\"elementor-element elementor-element-aeb17cd e-flex e-con-boxed e-con e-parent\" data-id=\"aeb17cd\" data-element_type=\"container\" data-e-type=\"container\">\n\t\t\t\t\t<div class=\"e-con-inner\">\n\t\t\t\t<div class=\"elementor-element elementor-element-62bc6a7 elementor-widget elementor-widget-heading\" data-id=\"62bc6a7\" data-element_type=\"widget\" data-e-type=\"widget\" data-widget_type=\"heading.default\">\n\t\t\t\t<div class=\"elementor-widget-container\">\n\t\t\t\t\t<h2 class=\"elementor-heading-title elementor-size-default\">Han utilizado mi cuenta o nick<\/h2>\t\t\t\t<\/div>\n\t\t\t\t<\/div>\n\t\t\t\t<div class=\"elementor-element elementor-element-37cc117 elementor-widget elementor-widget-text-editor\" data-id=\"37cc117\" data-element_type=\"widget\" data-e-type=\"widget\" data-widget_type=\"text-editor.default\">\n\t\t\t\t<div class=\"elementor-widget-container\">\n\t\t\t\t\t\t\t\t\t<p>En este caso, alguien ha tenido acceso a tu cuenta, las formas m\u00e1s comunes para obtener acceso a tu cuenta son:<\/p><ul><li>Que hayas insertado tus datos de acceso en una web o red de chat de Phising, es decir, una web falsa con el mismo dise\u00f1o o red de chat con el mismo nombre, que es utilizada para robar tus datos de acceso.<\/li><li>Tambi\u00e9n es posible que tengas un troyano o virus en tu equipo que haya robado tus datos de acceso a otros servicios, como tu correo electr\u00f3nico.<\/li><\/ul><p>En cualquier caso, te recomendamos que utilices un antivirus para eliminar todos aquellos virus y troyanos que puedas tener instalados, que compruebes las extensiones instaladas en tu navegador y por \u00faltimo, que cambies tu contrase\u00f1a de acceso. Si tienes cualquier otro problema, con\u00e9ctate al chat y p\u00e1sate por la sala #Soporte, donde los Operadores de Red te atender\u00e1n y ayudar\u00e1n, o env\u00eda un correo pulsando en <a href=\"https:\/\/www.chatligue.com\/usuarios\/contacto\/\">CONTACTO<\/a>.<\/p>\t\t\t\t\t\t\t\t<\/div>\n\t\t\t\t<\/div>\n\t\t\t\t\t<\/div>\n\t\t\t\t<\/div>\n\t\t<div class=\"elementor-element elementor-element-57e112a e-flex e-con-boxed e-con e-parent\" data-id=\"57e112a\" data-element_type=\"container\" data-e-type=\"container\">\n\t\t\t\t\t<div class=\"e-con-inner\">\n\t\t\t\t<div class=\"elementor-element elementor-element-3dd2fdb elementor-widget elementor-widget-heading\" data-id=\"3dd2fdb\" data-element_type=\"widget\" data-e-type=\"widget\" data-widget_type=\"heading.default\">\n\t\t\t\t<div class=\"elementor-widget-container\">\n\t\t\t\t\t<h2 class=\"elementor-heading-title elementor-size-default\">\u00bfQu\u00e9 hacer si veo publicidad sospechosa?<\/h2>\t\t\t\t<\/div>\n\t\t\t\t<\/div>\n\t\t\t\t<div class=\"elementor-element elementor-element-7f809ea elementor-widget elementor-widget-text-editor\" data-id=\"7f809ea\" data-element_type=\"widget\" data-e-type=\"widget\" data-widget_type=\"text-editor.default\">\n\t\t\t\t<div class=\"elementor-widget-container\">\n\t\t\t\t\t\t\t\t\t<p>En ChatLigue encontrar\u00e1s publicidad en nuestro sitio web y podr\u00e1s encontrar anuncios dentro del propio chat, en la modalidad de mensajes privados, o en nuestras aplicaciones m\u00f3viles. No obstante, si ves publicidad intrusiva en nuestra web, es posible que tengas alguna clase de Adware instalado. Para solucionarlo, desactiva los complementos o pluggins de tu navegador. En caso de que veas publicidad por mensajes privados en el chat de modo intrusivo, puedes entrar al canal #Soporte e informar all\u00ed a nuestros Operadores de Red.<\/p>\t\t\t\t\t\t\t\t<\/div>\n\t\t\t\t<\/div>\n\t\t\t\t\t<\/div>\n\t\t\t\t<\/div>\n\t\t\t\t<\/div>\n\t\t","protected":false},"excerpt":{"rendered":"<p>Por defecto, tus datos est\u00e1n seguros. Nosotros s\u00f3lo utilizamos tu direcci\u00f3n email para registrar tu nick de usuario y perfil, en caso de que desees registrarte, ya que el registro en nuestra red es completamente opcional, no necesitas registrarte para poder chatear. Puedes incorporar otros datos personales a tu perfil de la Red Social de &hellip; <a href=\"https:\/\/www.chatligue.com\/usuarios\/seguridad-en-el-chat\/\" class=\"more-link\">Seguir leyendo<span class=\"screen-reader-text\"> &#8220;Seguridad en el Chat&#8221;<\/span><\/a><\/p>\n","protected":false},"author":1,"featured_media":0,"parent":0,"menu_order":0,"comment_status":"closed","ping_status":"closed","template":"","meta":{"footnotes":""},"class_list":["post-262","page","type-page","status-publish","hentry"],"_links":{"self":[{"href":"https:\/\/www.chatligue.com\/usuarios\/wp-json\/wp\/v2\/pages\/262","targetHints":{"allow":["GET"]}}],"collection":[{"href":"https:\/\/www.chatligue.com\/usuarios\/wp-json\/wp\/v2\/pages"}],"about":[{"href":"https:\/\/www.chatligue.com\/usuarios\/wp-json\/wp\/v2\/types\/page"}],"author":[{"embeddable":true,"href":"https:\/\/www.chatligue.com\/usuarios\/wp-json\/wp\/v2\/users\/1"}],"replies":[{"embeddable":true,"href":"https:\/\/www.chatligue.com\/usuarios\/wp-json\/wp\/v2\/comments?post=262"}],"version-history":[{"count":13,"href":"https:\/\/www.chatligue.com\/usuarios\/wp-json\/wp\/v2\/pages\/262\/revisions"}],"predecessor-version":[{"id":549,"href":"https:\/\/www.chatligue.com\/usuarios\/wp-json\/wp\/v2\/pages\/262\/revisions\/549"}],"wp:attachment":[{"href":"https:\/\/www.chatligue.com\/usuarios\/wp-json\/wp\/v2\/media?parent=262"}],"curies":[{"name":"wp","href":"https:\/\/api.w.org\/{rel}","templated":true}]}}