{"id":260,"date":"2023-11-13T23:37:42","date_gmt":"2023-11-13T22:37:42","guid":{"rendered":"https:\/\/www.chatligue.com\/usuarios\/?page_id=260"},"modified":"2024-09-19T07:23:01","modified_gmt":"2024-09-19T05:23:01","slug":"servicios","status":"publish","type":"page","link":"https:\/\/www.chatligue.com\/usuarios\/servicios\/","title":{"rendered":"Servicios"},"content":{"rendered":"\t\t<div data-elementor-type=\"wp-page\" data-elementor-id=\"260\" class=\"elementor elementor-260\">\n\t\t\t\t<div class=\"elementor-element elementor-element-5e81a41 e-flex e-con-boxed e-con e-parent\" data-id=\"5e81a41\" data-element_type=\"container\" data-e-type=\"container\">\n\t\t\t\t\t<div class=\"e-con-inner\">\n\t\t\t\t<div class=\"elementor-element elementor-element-da406a7 elementor-widget elementor-widget-text-editor\" data-id=\"da406a7\" data-element_type=\"widget\" data-e-type=\"widget\" data-widget_type=\"text-editor.default\">\n\t\t\t\t<div class=\"elementor-widget-container\">\n\t\t\t\t\t\t\t\t\t<p>En nuestra red ofrecemos servicios al usuario para que pueda obtener mejores privilegios y seguridad en el chat. Para ello ponemos a su disposici\u00f3n una serie de formularios a trav\u00e9s de los cuales podr\u00e1n solicitar cada uno de los servicios que enunciamos a continuaci\u00f3n:<\/p><p><strong>Ser Operador:<\/strong><\/p><p>\u00bfQuieres formar parte de nuestro equipo? Nosotros estaremos encantados de formarte y ense\u00f1arte todo cuanto necesitas saber sobre nuestro IRC y los bots, para que una vez lo domines todo, puedas formar parte de nuestras filas y colaborar con nosotros para mantener el orden en los canales de la red, ayudar a los usuarios y velar por su seguridad. Para ello debes rellenar el formulario <a href=\"https:\/\/www.chatligue.com\/usuarios\/seroperador\/\">Ser Operador<\/a><\/p><p><strong>Docking:<\/strong><\/p><p>\u00bfTienes un bot creado por ti y necesitas que tenga ciertos privilegios y protecciones para funcionar correctamente? Disponemos de un servicio especial para Bots de Usuario, en el cual otorgamos los modos de usuario necesarios para que tu bot, de modo que \u00e9ste pueda funcionar correctamente. Para ello debes rellenar el formulario <a href=\"https:\/\/www.chatligue.com\/usuarios\/serviciodocking\/\">Servicio Docking<\/a><\/p><p><strong>Clones:<\/strong><\/p><p>\u00bfConectas desde un Ciber, biblioteca, universidad\u2026 y compartes IP con otros usuarios? Si el problema est\u00e1 en que sois muchos usuarios desde una misma IP y el servidor est\u00e1 limitado a 3 usuarios por IP, ponemos a vuestra disposici\u00f3n la opci\u00f3n de ampliar el n\u00famero de usuarios para la misma IP de modo que todos pod\u00e1is conectar de forma simult\u00e1nea sin problemas. Para ello debes rellenar el formulario <a href=\"https:\/\/www.chatligue.com\/usuarios\/servicioclones\/\">Servicio Clones<\/a><\/p><p><strong>Publicidad:<\/strong><\/p><p>\u00bfQuieres promocionar tu negocio? Te ofrecemos un servicio de publicidad a trav\u00e9s del cual podr\u00e1s hacer llegar a los usuarios de nuestra red, un anuncio de tu negocio o empresa para que ellos puedan conocerlo. Para ello debes rellenar el formulario <a href=\"https:\/\/www.chatligue.com\/usuarios\/publicidad\/\">Publicidad<\/a><\/p>\t\t\t\t\t\t\t\t<\/div>\n\t\t\t\t<\/div>\n\t\t\t\t\t<\/div>\n\t\t\t\t<\/div>\n\t\t\t\t<\/div>\n\t\t","protected":false},"excerpt":{"rendered":"<p>En nuestra red ofrecemos servicios al usuario para que pueda obtener mejores privilegios y seguridad en el chat. Para ello ponemos a su disposici\u00f3n una serie de formularios a trav\u00e9s de los cuales podr\u00e1n solicitar cada uno de los servicios que enunciamos a continuaci\u00f3n: Ser Operador: \u00bfQuieres formar parte de nuestro equipo? Nosotros estaremos encantados &hellip; <a href=\"https:\/\/www.chatligue.com\/usuarios\/servicios\/\" class=\"more-link\">Seguir leyendo<span class=\"screen-reader-text\"> &#8220;Servicios&#8221;<\/span><\/a><\/p>\n","protected":false},"author":1,"featured_media":0,"parent":0,"menu_order":0,"comment_status":"closed","ping_status":"closed","template":"","meta":{"footnotes":""},"class_list":["post-260","page","type-page","status-publish","hentry"],"_links":{"self":[{"href":"https:\/\/www.chatligue.com\/usuarios\/wp-json\/wp\/v2\/pages\/260","targetHints":{"allow":["GET"]}}],"collection":[{"href":"https:\/\/www.chatligue.com\/usuarios\/wp-json\/wp\/v2\/pages"}],"about":[{"href":"https:\/\/www.chatligue.com\/usuarios\/wp-json\/wp\/v2\/types\/page"}],"author":[{"embeddable":true,"href":"https:\/\/www.chatligue.com\/usuarios\/wp-json\/wp\/v2\/users\/1"}],"replies":[{"embeddable":true,"href":"https:\/\/www.chatligue.com\/usuarios\/wp-json\/wp\/v2\/comments?post=260"}],"version-history":[{"count":17,"href":"https:\/\/www.chatligue.com\/usuarios\/wp-json\/wp\/v2\/pages\/260\/revisions"}],"predecessor-version":[{"id":631,"href":"https:\/\/www.chatligue.com\/usuarios\/wp-json\/wp\/v2\/pages\/260\/revisions\/631"}],"wp:attachment":[{"href":"https:\/\/www.chatligue.com\/usuarios\/wp-json\/wp\/v2\/media?parent=260"}],"curies":[{"name":"wp","href":"https:\/\/api.w.org\/{rel}","templated":true}]}}