{"id":258,"date":"2023-11-13T23:37:30","date_gmt":"2023-11-13T22:37:30","guid":{"rendered":"https:\/\/www.chatligue.com\/usuarios\/?page_id=258"},"modified":"2024-09-23T09:57:59","modified_gmt":"2024-09-23T07:57:59","slug":"equipo-del-staff","status":"publish","type":"page","link":"https:\/\/www.chatligue.com\/usuarios\/equipo-del-staff\/","title":{"rendered":"Equipo del Staff"},"content":{"rendered":"\t\t<div data-elementor-type=\"wp-page\" data-elementor-id=\"258\" class=\"elementor elementor-258\">\n\t\t\t\t<div class=\"elementor-element elementor-element-3fc3141 e-flex e-con-boxed e-con e-parent\" data-id=\"3fc3141\" data-element_type=\"container\" data-e-type=\"container\">\n\t\t\t\t\t<div class=\"e-con-inner\">\n\t\t\t\t<div class=\"elementor-element elementor-element-f47b2b4 elementor-widget elementor-widget-text-editor\" data-id=\"f47b2b4\" data-element_type=\"widget\" data-e-type=\"widget\" data-widget_type=\"text-editor.default\">\n\t\t\t\t<div class=\"elementor-widget-container\">\n\t\t\t\t\t\t\t\t\t<p>La Red de Chat de ChatLigue est\u00e1 gestionada y desarrollada por un grupo de personas, gracias a cuyo trabajo de forma totalmente voluntaria y desinteresada, ayudan a mantener todo nuestro sistema de chat y web operativo. Nuestra estructura jer\u00e1rquica est\u00e1 organizada en raz\u00f3n de las funciones que cada uno de los colaboradores desempe\u00f1a en la red de chat.<\/p>\n<ul>\n<li><strong>Devel de Red:<\/strong> es el encargado del desarrollo, puesta a punto, actualizaci\u00f3n y mantenimiento, tanto del IRCD como de los distintos Bots de servicio que hay en la red.<\/li>\n<li><strong>Admin de Red:<\/strong> es el m\u00e1ximo rango dentro del chat, tiene como finalidad la coordinaci\u00f3n general de toda la red de chats, as\u00ed como las funciones espec\u00edficas que se le atribuyan a cada uno.<\/li>\n<li><strong>Coordinador de Red:<\/strong> es un Operador de Red que adem\u00e1s tiene como funci\u00f3n colaborar con los administradores en las funciones de coordinaci\u00f3n del departamento que se le hayan asignado, adem\u00e1s de ayudar a los Operadores de Red en sus funciones.<\/li>\n<li><strong>Operador de Red:<\/strong> colaboran en la organizaci\u00f3n de la red, realizando tareas de ayuda al usuario, manteniendo las salas del chat, acciones relacionadas con la seguridad, redacci\u00f3n y puesta a punto de manuales, tutoriales, la web, etc.<\/li>\n<li><strong>Moderador de Red:<\/strong> tiene como misi\u00f3n la de colaborar ofreciendo ayuda a los usuarios de car\u00e1cter general y para sus salas, intermediando con otros operadores y administradores. Moderan en las salas consideradas como oficiales y en algunos casos en las de inter\u00e9s general.<\/li>\n<li><strong>PreOperador de Red:<\/strong> estos usuarios se encuentran en una etapa formativa previa a pasar a formar parte del equipo de Operadores de Red.<\/li>\n<\/ul>\t\t\t\t\t\t\t\t<\/div>\n\t\t\t\t<\/div>\n\t\t\t\t\t<\/div>\n\t\t\t\t<\/div>\n\t\t<div class=\"elementor-element elementor-element-f80dfa5 e-flex e-con-boxed e-con e-parent\" data-id=\"f80dfa5\" data-element_type=\"container\" data-e-type=\"container\">\n\t\t\t\t\t<div class=\"e-con-inner\">\n\t\t\t\t<div class=\"elementor-element elementor-element-543133b elementor-widget elementor-widget-heading\" data-id=\"543133b\" data-element_type=\"widget\" data-e-type=\"widget\" data-widget_type=\"heading.default\">\n\t\t\t\t<div class=\"elementor-widget-container\">\n\t\t\t\t\t<h2 class=\"elementor-heading-title elementor-size-default\">Nuestro Organigrama<\/h2>\t\t\t\t<\/div>\n\t\t\t\t<\/div>\n\t\t\t\t<div class=\"elementor-element elementor-element-9745dc5 elementor-widget elementor-widget-text-editor\" data-id=\"9745dc5\" data-element_type=\"widget\" data-e-type=\"widget\" data-widget_type=\"text-editor.default\">\n\t\t\t\t<div class=\"elementor-widget-container\">\n\t\t\t\t\t\t\t\t\t<p>Nuestro equipo est\u00e1 formado por multitud de personas que colaboran en diferentes tareas. A continuaci\u00f3n, se muestra un listado de aquellos representantes de la red que ejercen alg\u00fan cargo de coordinaci\u00f3n de equipos o tareas:<\/p><ul><li><strong>Devel de Red:<\/strong> CaoS<\/li><li><strong>Admin de Red:<\/strong> ZeuS<\/li><li><strong>Coordinador de Red:<\/strong> no hay Coordinadores actualmente.<\/li><li><strong>Operador de Red:<\/strong> no hay Operadores actualmente.<\/li><li><strong>Moderador de Red:<\/strong> no hay Moderadores actualmente.<\/li><li><strong>PreOperador de Red:<\/strong> no hay PreOperadores actualmente.<\/li><\/ul><p>Por nuestro equipo, han pasado muchas personas que han dedicado su tiempo y esfuerzo a que mejoremos nuestro funcionamiento, y a los que desde aqu\u00ed queremos agradecer el esfuerzo y confianza depositada en este proyecto.<\/p>\t\t\t\t\t\t\t\t<\/div>\n\t\t\t\t<\/div>\n\t\t\t\t\t<\/div>\n\t\t\t\t<\/div>\n\t\t\t\t<\/div>\n\t\t","protected":false},"excerpt":{"rendered":"<p>La Red de Chat de ChatLigue est\u00e1 gestionada y desarrollada por un grupo de personas, gracias a cuyo trabajo de forma totalmente voluntaria y desinteresada, ayudan a mantener todo nuestro sistema de chat y web operativo. Nuestra estructura jer\u00e1rquica est\u00e1 organizada en raz\u00f3n de las funciones que cada uno de los colaboradores desempe\u00f1a en la &hellip; <a href=\"https:\/\/www.chatligue.com\/usuarios\/equipo-del-staff\/\" class=\"more-link\">Seguir leyendo<span class=\"screen-reader-text\"> &#8220;Equipo del Staff&#8221;<\/span><\/a><\/p>\n","protected":false},"author":1,"featured_media":0,"parent":0,"menu_order":0,"comment_status":"closed","ping_status":"closed","template":"","meta":{"footnotes":""},"class_list":["post-258","page","type-page","status-publish","hentry"],"_links":{"self":[{"href":"https:\/\/www.chatligue.com\/usuarios\/wp-json\/wp\/v2\/pages\/258","targetHints":{"allow":["GET"]}}],"collection":[{"href":"https:\/\/www.chatligue.com\/usuarios\/wp-json\/wp\/v2\/pages"}],"about":[{"href":"https:\/\/www.chatligue.com\/usuarios\/wp-json\/wp\/v2\/types\/page"}],"author":[{"embeddable":true,"href":"https:\/\/www.chatligue.com\/usuarios\/wp-json\/wp\/v2\/users\/1"}],"replies":[{"embeddable":true,"href":"https:\/\/www.chatligue.com\/usuarios\/wp-json\/wp\/v2\/comments?post=258"}],"version-history":[{"count":13,"href":"https:\/\/www.chatligue.com\/usuarios\/wp-json\/wp\/v2\/pages\/258\/revisions"}],"predecessor-version":[{"id":634,"href":"https:\/\/www.chatligue.com\/usuarios\/wp-json\/wp\/v2\/pages\/258\/revisions\/634"}],"wp:attachment":[{"href":"https:\/\/www.chatligue.com\/usuarios\/wp-json\/wp\/v2\/media?parent=258"}],"curies":[{"name":"wp","href":"https:\/\/api.w.org\/{rel}","templated":true}]}}