{"id":256,"date":"2023-11-13T23:37:19","date_gmt":"2023-11-13T22:37:19","guid":{"rendered":"https:\/\/www.chatligue.com\/usuarios\/?page_id=256"},"modified":"2024-05-06T12:01:48","modified_gmt":"2024-05-06T10:01:48","slug":"bots-de-servicio","status":"publish","type":"page","link":"https:\/\/www.chatligue.com\/usuarios\/bots-de-servicio\/","title":{"rendered":"Bots de Servicio"},"content":{"rendered":"\t\t<div data-elementor-type=\"wp-page\" data-elementor-id=\"256\" class=\"elementor elementor-256\">\n\t\t\t\t<div class=\"elementor-element elementor-element-e306cb8 e-flex e-con-boxed e-con e-parent\" data-id=\"e306cb8\" data-element_type=\"container\" data-e-type=\"container\">\n\t\t\t\t\t<div class=\"e-con-inner\">\n\t\t\t\t<div class=\"elementor-element elementor-element-ad9a665 elementor-widget elementor-widget-text-editor\" data-id=\"ad9a665\" data-element_type=\"widget\" data-e-type=\"widget\" data-widget_type=\"text-editor.default\">\n\t\t\t\t<div class=\"elementor-widget-container\">\n\t\t\t\t\t\t\t\t\t<p>Estos son los bots de servicio con los que nuestros usuarios pueden encontrarse en la red para la prestaci\u00f3n de los servicios que ofrecemos. Puedes consultar la ayuda detallada de cada uno de estos bots de servicio conectando al chat y tecleando el comando que aparece a continuaci\u00f3n:<\/p><p style=\"text-align: center;\"><em>\/msg Nombre-del-Bot AYUDA<\/em><\/p>\t\t\t\t\t\t\t\t<\/div>\n\t\t\t\t<\/div>\n\t\t\t\t\t<\/div>\n\t\t\t\t<\/div>\n\t\t<div class=\"elementor-element elementor-element-83ac22c e-flex e-con-boxed e-con e-parent\" data-id=\"83ac22c\" data-element_type=\"container\" data-e-type=\"container\">\n\t\t\t\t\t<div class=\"e-con-inner\">\n\t\t\t\t<div class=\"elementor-element elementor-element-14f912e elementor-widget elementor-widget-heading\" data-id=\"14f912e\" data-element_type=\"widget\" data-e-type=\"widget\" data-widget_type=\"heading.default\">\n\t\t\t\t<div class=\"elementor-widget-container\">\n\t\t\t\t\t<h2 class=\"elementor-heading-title elementor-size-default\">Principales bots del Chat<\/h2>\t\t\t\t<\/div>\n\t\t\t\t<\/div>\n\t\t\t\t<div class=\"elementor-element elementor-element-d852e7e elementor-widget elementor-widget-text-editor\" data-id=\"d852e7e\" data-element_type=\"widget\" data-e-type=\"widget\" data-widget_type=\"text-editor.default\">\n\t\t\t\t<div class=\"elementor-widget-container\">\n\t\t\t\t\t\t\t\t\t<ul><li><strong>Bot eSTiGia:<\/strong> es el servicio de Nicks. Podr\u00e1s registrar tu alias para que nadie excepto t\u00fa pueda utilizarlo, as\u00ed como configurar diversas opciones para tu alias e informaci\u00f3n a cerca de ti, que mostrar\u00e1s a los dem\u00e1s usuarios de la red.<\/li><li><strong>Bot HeFeSTo:<\/strong> este bot permite la gesti\u00f3n \u00edntegra de canales. Lista de operadores (@), moderadores (%), usuarios con voz (+), poner y quitar los modos, ajustar el topic y otras muchas opciones.<\/li><li><strong>Bot aPoLo:<\/strong> servicio de Pre-Registro de los canales. Su misi\u00f3n es la de solicitar de forma autom\u00e1tica el registro de un nuevo canal. Una vez que este entra en proceso de registro, necesitar\u00e1 del apoyo de un determinado n\u00famero de usuarios de la red con su nick registrado. Por \u00faltimo, los representantes de la Red aprobar\u00e1n dicho canal siempre que cumpla los requisitos pertinentes.<\/li><li><strong>Bot HeRMeS:<\/strong> este bot permite enviar mensajes de texto cortos entre dos usuarios registrados, su objetivo es el de poder dejar recados a otros usuarios si estos no est\u00e1n conectados en el momento que nosotros queremos contactarlos.<\/li><li><strong>Bot CaRoNTe:<\/strong> bot de ayuda para usuarios de la red. Entra en el canal #soporte y plantea tu duda y un operador de la red te atender\u00e1 personalmente para ayudarte en lo que precises.<\/li><li><strong>Bot aTeNea:<\/strong> servicio de notificaciones globales. Este bot sirve para notificar mensajes a los usuarios de forma masiva. Novedades en la red, cambios, etc.<\/li><li><strong>Bot MeDuSa:<\/strong> controla el SPAM de la red, censurando o bloqueando aquellos mensajes que contienen publicidad no permitida.<\/li><li><strong>Bot HeRaCLeS:<\/strong> es el encargado de ayudar a los Moderadores de la red a controlar los canales oficiales.<\/li><li><strong>Bot HaDeS:<\/strong> controla a los usuarios virtuales.<\/li><li><strong>Bot TiReSiaS:<\/strong> es el encargado de vigilar todo el debug de la red.<\/li><li><strong>Bot CeRBeRo:<\/strong> se encarga de controlar las conexiones que entran en la red para detectar posibles ataques o IPs prohibidas.<\/li><li><strong>Bot aReS:<\/strong> este bot es el que utilizan los Operadores de la Red para operar en todos los canales de la red y protegerlos.<\/li><li><strong>Bot PoSeiDoN:<\/strong> es el bot que los Administradores de la Red utilizan para configurar las diversas opciones de la Red.<\/li><li><strong>Bot DioNiSo:<\/strong> es el bot encargado de gestionar el canal de Juegos de Casino.<\/li><li><strong>Bot CaLCaS: <\/strong>es un bot de informaci\u00f3n variada, como noticias, hor\u00f3scopos, predicci\u00f3n del tiempo, programaci\u00f3n de televisi\u00f3n, quotes, etc.<\/li><li><strong>Bot oRFeo:<\/strong> es el bot encargado de ayudar a los DJs a gestionar la Radio Oficial de la Red.<\/li><li><strong>Bot CRoNoS:<\/strong> es el bot encargado de calcular el tiempo Online de los usuarios en la red y generar un Top 10 de los usuarios que mayor tiempo han estado conectados.<\/li><li><strong>Bot aSCLePio:<\/strong> es el bot encargado del canal del juego del Trivial.<\/li><\/ul>\t\t\t\t\t\t\t\t<\/div>\n\t\t\t\t<\/div>\n\t\t\t\t\t<\/div>\n\t\t\t\t<\/div>\n\t\t\t\t<\/div>\n\t\t","protected":false},"excerpt":{"rendered":"<p>Estos son los bots de servicio con los que nuestros usuarios pueden encontrarse en la red para la prestaci\u00f3n de los servicios que ofrecemos. Puedes consultar la ayuda detallada de cada uno de estos bots de servicio conectando al chat y tecleando el comando que aparece a continuaci\u00f3n: \/msg Nombre-del-Bot AYUDA Principales bots del Chat &hellip; <a href=\"https:\/\/www.chatligue.com\/usuarios\/bots-de-servicio\/\" class=\"more-link\">Seguir leyendo<span class=\"screen-reader-text\"> &#8220;Bots de Servicio&#8221;<\/span><\/a><\/p>\n","protected":false},"author":1,"featured_media":0,"parent":0,"menu_order":0,"comment_status":"closed","ping_status":"closed","template":"","meta":{"footnotes":""},"class_list":["post-256","page","type-page","status-publish","hentry"],"_links":{"self":[{"href":"https:\/\/www.chatligue.com\/usuarios\/wp-json\/wp\/v2\/pages\/256","targetHints":{"allow":["GET"]}}],"collection":[{"href":"https:\/\/www.chatligue.com\/usuarios\/wp-json\/wp\/v2\/pages"}],"about":[{"href":"https:\/\/www.chatligue.com\/usuarios\/wp-json\/wp\/v2\/types\/page"}],"author":[{"embeddable":true,"href":"https:\/\/www.chatligue.com\/usuarios\/wp-json\/wp\/v2\/users\/1"}],"replies":[{"embeddable":true,"href":"https:\/\/www.chatligue.com\/usuarios\/wp-json\/wp\/v2\/comments?post=256"}],"version-history":[{"count":10,"href":"https:\/\/www.chatligue.com\/usuarios\/wp-json\/wp\/v2\/pages\/256\/revisions"}],"predecessor-version":[{"id":569,"href":"https:\/\/www.chatligue.com\/usuarios\/wp-json\/wp\/v2\/pages\/256\/revisions\/569"}],"wp:attachment":[{"href":"https:\/\/www.chatligue.com\/usuarios\/wp-json\/wp\/v2\/media?parent=256"}],"curies":[{"name":"wp","href":"https:\/\/api.w.org\/{rel}","templated":true}]}}