{"id":254,"date":"2023-11-13T23:37:04","date_gmt":"2023-11-13T22:37:04","guid":{"rendered":"https:\/\/www.chatligue.com\/usuarios\/?page_id=254"},"modified":"2023-11-14T19:19:52","modified_gmt":"2023-11-14T18:19:52","slug":"acceder-al-chat","status":"publish","type":"page","link":"https:\/\/www.chatligue.com\/usuarios\/acceder-al-chat\/","title":{"rendered":"Acceder al Chat"},"content":{"rendered":"\t\t<div data-elementor-type=\"wp-page\" data-elementor-id=\"254\" class=\"elementor elementor-254\">\n\t\t\t\t<div class=\"elementor-element elementor-element-ac7c930 e-flex e-con-boxed e-con e-parent\" data-id=\"ac7c930\" data-element_type=\"container\" data-e-type=\"container\">\n\t\t\t\t\t<div class=\"e-con-inner\">\n\t\t\t\t<div class=\"elementor-element elementor-element-d7049cf elementor-widget elementor-widget-text-editor\" data-id=\"d7049cf\" data-element_type=\"widget\" data-e-type=\"widget\" data-widget_type=\"text-editor.default\">\n\t\t\t\t<div class=\"elementor-widget-container\">\n\t\t\t\t\t\t\t\t\t<p>En ChatLigue ponemos a disposici\u00f3n de todos nuestros usuarios una serie de aplicaciones para permitir el chat gratis y sin registro entre nuestros usuarios. Las aplicaciones de chat disponibles son de dos tipos:<\/p><ul><li><strong>Web:<\/strong> accesible directamente desde nuestra web, en las que seleccionando la sala a la que se desea entrar e introduciendo los datos de usuarios podr\u00e1 entrar y disfrutar de nuestros servicios de chat.<\/li><li><strong>M\u00f3vil:<\/strong> con nuestras aplicaciones pensadas para tel\u00e9fonos m\u00f3viles y especialmente smartphone podr\u00e1s chatear a la vez que interact\u00faas con otros servicios que se ofrecen en la propia p\u00e1gina web de ChatLigue.<\/li><\/ul>\t\t\t\t\t\t\t\t<\/div>\n\t\t\t\t<\/div>\n\t\t\t\t\t<\/div>\n\t\t\t\t<\/div>\n\t\t<div class=\"elementor-element elementor-element-75a7ba9 e-flex e-con-boxed e-con e-parent\" data-id=\"75a7ba9\" data-element_type=\"container\" data-e-type=\"container\">\n\t\t\t\t\t<div class=\"e-con-inner\">\n\t\t\t\t<div class=\"elementor-element elementor-element-9076579 elementor-widget elementor-widget-heading\" data-id=\"9076579\" data-element_type=\"widget\" data-e-type=\"widget\" data-widget_type=\"heading.default\">\n\t\t\t\t<div class=\"elementor-widget-container\">\n\t\t\t\t\t<h2 class=\"elementor-heading-title elementor-size-default\">Chatear desde la Web<\/h2>\t\t\t\t<\/div>\n\t\t\t\t<\/div>\n\t\t\t\t<div class=\"elementor-element elementor-element-871e080 elementor-widget elementor-widget-text-editor\" data-id=\"871e080\" data-element_type=\"widget\" data-e-type=\"widget\" data-widget_type=\"text-editor.default\">\n\t\t\t\t<div class=\"elementor-widget-container\">\n\t\t\t\t\t\t\t\t\t<p>Disponemos de una aplicaci\u00f3n web que permite chatear gratis desde nuestra p\u00e1gina web a cualquier usuario, registrado o no. Adem\u00e1s, nuestra aplicaci\u00f3n es f\u00e1cilmente integrable en otras p\u00e1ginas web, ofreciendo un servicio a propietarios de p\u00e1ginas y blogs.<\/p>\t\t\t\t\t\t\t\t<\/div>\n\t\t\t\t<\/div>\n\t\t\t\t\t<\/div>\n\t\t\t\t<\/div>\n\t\t<div class=\"elementor-element elementor-element-b42d805 e-flex e-con-boxed e-con e-parent\" data-id=\"b42d805\" data-element_type=\"container\" data-e-type=\"container\">\n\t\t\t\t\t<div class=\"e-con-inner\">\n\t\t\t\t<div class=\"elementor-element elementor-element-f3e468d elementor-widget elementor-widget-heading\" data-id=\"f3e468d\" data-element_type=\"widget\" data-e-type=\"widget\" data-widget_type=\"heading.default\">\n\t\t\t\t<div class=\"elementor-widget-container\">\n\t\t\t\t\t<h2 class=\"elementor-heading-title elementor-size-default\">Chatear desde el tel\u00e9fono<\/h2>\t\t\t\t<\/div>\n\t\t\t\t<\/div>\n\t\t\t\t<div class=\"elementor-element elementor-element-605000e elementor-widget elementor-widget-text-editor\" data-id=\"605000e\" data-element_type=\"widget\" data-e-type=\"widget\" data-widget_type=\"text-editor.default\">\n\t\t\t\t<div class=\"elementor-widget-container\">\n\t\t\t\t\t\t\t\t\t<p>Como no queremos que te pierdas nada, \u00a1Ya no basta con chatear desde la web! Ahora puedes descargarte nuestra aplicaci\u00f3n para tu tel\u00e9fono desde la secci\u00f3n de <a href=\"https:\/\/www.chatligue.com\/usuarios\/descargas\/\">descargas<\/a> de esta p\u00e1gina web, para Android, Iphone, Windows Phone, Blackberry y para tel\u00e9fonos con compatibilidad con aplicaciones java.<\/p>\t\t\t\t\t\t\t\t<\/div>\n\t\t\t\t<\/div>\n\t\t\t\t\t<\/div>\n\t\t\t\t<\/div>\n\t\t<div class=\"elementor-element elementor-element-4c31dd0 e-flex e-con-boxed e-con e-parent\" data-id=\"4c31dd0\" data-element_type=\"container\" data-e-type=\"container\">\n\t\t\t\t\t<div class=\"e-con-inner\">\n\t\t\t\t<div class=\"elementor-element elementor-element-4fc52f9 elementor-widget elementor-widget-heading\" data-id=\"4fc52f9\" data-element_type=\"widget\" data-e-type=\"widget\" data-widget_type=\"heading.default\">\n\t\t\t\t<div class=\"elementor-widget-container\">\n\t\t\t\t\t<h2 class=\"elementor-heading-title elementor-size-default\">\u00bfCu\u00e1nto cuesta conectarse desde el tel\u00e9fono?<\/h2>\t\t\t\t<\/div>\n\t\t\t\t<\/div>\n\t\t\t\t<div class=\"elementor-element elementor-element-65e7fe4 elementor-widget elementor-widget-text-editor\" data-id=\"65e7fe4\" data-element_type=\"widget\" data-e-type=\"widget\" data-widget_type=\"text-editor.default\">\n\t\t\t\t<div class=\"elementor-widget-container\">\n\t\t\t\t\t\t\t\t\t<p>Nuestra aplicaci\u00f3n de chat es gratis y sin registro, ten en cuenta que tu operadora de m\u00f3vil puede cobrarte por consumo de datos si no accedes desde una conexi\u00f3n WIFI, por eso te recomendamos que consultes tus tarifas.<\/p>\t\t\t\t\t\t\t\t<\/div>\n\t\t\t\t<\/div>\n\t\t\t\t\t<\/div>\n\t\t\t\t<\/div>\n\t\t<div class=\"elementor-element elementor-element-fd9297c e-flex e-con-boxed e-con e-parent\" data-id=\"fd9297c\" data-element_type=\"container\" data-e-type=\"container\">\n\t\t\t\t\t<div class=\"e-con-inner\">\n\t\t\t\t<div class=\"elementor-element elementor-element-157e52c elementor-widget elementor-widget-heading\" data-id=\"157e52c\" data-element_type=\"widget\" data-e-type=\"widget\" data-widget_type=\"heading.default\">\n\t\t\t\t<div class=\"elementor-widget-container\">\n\t\t\t\t\t<h2 class=\"elementor-heading-title elementor-size-default\">Problemas para acceder al chat desde el tel\u00e9fono<\/h2>\t\t\t\t<\/div>\n\t\t\t\t<\/div>\n\t\t\t\t<div class=\"elementor-element elementor-element-6385640 elementor-widget elementor-widget-text-editor\" data-id=\"6385640\" data-element_type=\"widget\" data-e-type=\"widget\" data-widget_type=\"text-editor.default\">\n\t\t\t\t<div class=\"elementor-widget-container\">\n\t\t\t\t\t\t\t\t\t<p>\u00a1No te preocupes, podemos ayudarte! Haz clic en <a href=\"https:\/\/www.chatligue.com\/usuarios\/contacto\/\">CONTACTO<\/a> y all\u00ed podr\u00e1s escribirnos para informarnos del problema que tienes para conectar al chat. Buscaremos una soluci\u00f3n para ti, trabajamos a diario para mejorar el acceso de nuestros usuarios.<\/p>\t\t\t\t\t\t\t\t<\/div>\n\t\t\t\t<\/div>\n\t\t\t\t\t<\/div>\n\t\t\t\t<\/div>\n\t\t\t\t<\/div>\n\t\t","protected":false},"excerpt":{"rendered":"<p>En ChatLigue ponemos a disposici\u00f3n de todos nuestros usuarios una serie de aplicaciones para permitir el chat gratis y sin registro entre nuestros usuarios. Las aplicaciones de chat disponibles son de dos tipos: Web: accesible directamente desde nuestra web, en las que seleccionando la sala a la que se desea entrar e introduciendo los datos &hellip; <a href=\"https:\/\/www.chatligue.com\/usuarios\/acceder-al-chat\/\" class=\"more-link\">Seguir leyendo<span class=\"screen-reader-text\"> &#8220;Acceder al Chat&#8221;<\/span><\/a><\/p>\n","protected":false},"author":1,"featured_media":0,"parent":0,"menu_order":0,"comment_status":"closed","ping_status":"closed","template":"","meta":{"footnotes":""},"class_list":["post-254","page","type-page","status-publish","hentry"],"_links":{"self":[{"href":"https:\/\/www.chatligue.com\/usuarios\/wp-json\/wp\/v2\/pages\/254","targetHints":{"allow":["GET"]}}],"collection":[{"href":"https:\/\/www.chatligue.com\/usuarios\/wp-json\/wp\/v2\/pages"}],"about":[{"href":"https:\/\/www.chatligue.com\/usuarios\/wp-json\/wp\/v2\/types\/page"}],"author":[{"embeddable":true,"href":"https:\/\/www.chatligue.com\/usuarios\/wp-json\/wp\/v2\/users\/1"}],"replies":[{"embeddable":true,"href":"https:\/\/www.chatligue.com\/usuarios\/wp-json\/wp\/v2\/comments?post=254"}],"version-history":[{"count":13,"href":"https:\/\/www.chatligue.com\/usuarios\/wp-json\/wp\/v2\/pages\/254\/revisions"}],"predecessor-version":[{"id":310,"href":"https:\/\/www.chatligue.com\/usuarios\/wp-json\/wp\/v2\/pages\/254\/revisions\/310"}],"wp:attachment":[{"href":"https:\/\/www.chatligue.com\/usuarios\/wp-json\/wp\/v2\/media?parent=254"}],"curies":[{"name":"wp","href":"https:\/\/api.w.org\/{rel}","templated":true}]}}