{"id":252,"date":"2023-11-13T23:36:49","date_gmt":"2023-11-13T22:36:49","guid":{"rendered":"https:\/\/www.chatligue.com\/usuarios\/?page_id=252"},"modified":"2024-07-10T20:51:11","modified_gmt":"2024-07-10T18:51:11","slug":"chat-sobre-irc","status":"publish","type":"page","link":"https:\/\/www.chatligue.com\/usuarios\/chat-sobre-irc\/","title":{"rendered":"Chat sobre IRC"},"content":{"rendered":"\t\t<div data-elementor-type=\"wp-post\" data-elementor-id=\"252\" class=\"elementor elementor-252\">\n\t\t\t\t<div class=\"elementor-element elementor-element-7b6fb96 e-flex e-con-boxed e-con e-parent\" data-id=\"7b6fb96\" data-element_type=\"container\" data-e-type=\"container\">\n\t\t\t\t\t<div class=\"e-con-inner\">\n\t\t\t\t<div class=\"elementor-element elementor-element-eeeb7ff elementor-widget elementor-widget-text-editor\" data-id=\"eeeb7ff\" data-element_type=\"widget\" data-e-type=\"widget\" data-widget_type=\"text-editor.default\">\n\t\t\t\t<div class=\"elementor-widget-container\">\n\t\t\t\t\t\t\t\t\t<p>IRC son las siglas de <em>Internet Relay Chat<\/em>, un protocolo de comunicaciones en el que tiene su base nuestra red de chat. Este protocolo fue ampliamente utilizado como medio de comunicaci\u00f3n en los momentos de expansi\u00f3n inicial de internet a principios del siglo XXI, pero pronto di\u00f3 paso a otros sistemas de mensajer\u00eda y redes sociales.<\/p><p>Debido a las coincidencias en su car\u00e1cter libre y gratuito para las comunicaciones basadas en salas, en ChatLigue hemos optado por utilizar este protocolo, que actualmente hemos modificado y adaptado a los nuevos servicios que ofrecemos, pero manteniendo la compatibilidad con todos aquellos nost\u00e1lgicos a los que sigue gustando este sistema de comunicaci\u00f3n.<\/p><p>A pesar de utilizar este protocolo, disponemos de aplicaciones propias con servicios adicionales y que permiten una gesti\u00f3n r\u00e1pida e intuitiva sin necesidad de conocimientos previos para chatear desde la web o poder utilizar el chat en el m\u00f3vil o smartphone.<\/p>\t\t\t\t\t\t\t\t<\/div>\n\t\t\t\t<\/div>\n\t\t\t\t\t<\/div>\n\t\t\t\t<\/div>\n\t\t<div class=\"elementor-element elementor-element-d505947 e-flex e-con-boxed e-con e-parent\" data-id=\"d505947\" data-element_type=\"container\" data-e-type=\"container\">\n\t\t\t\t\t<div class=\"e-con-inner\">\n\t\t\t\t<div class=\"elementor-element elementor-element-1e80c8a elementor-widget elementor-widget-heading\" data-id=\"1e80c8a\" data-element_type=\"widget\" data-e-type=\"widget\" data-widget_type=\"heading.default\">\n\t\t\t\t<div class=\"elementor-widget-container\">\n\t\t\t\t\t<h2 class=\"elementor-heading-title elementor-size-default\">Acceso desde clientes de IRC<\/h2>\t\t\t\t<\/div>\n\t\t\t\t<\/div>\n\t\t\t\t<div class=\"elementor-element elementor-element-de0548f elementor-widget elementor-widget-text-editor\" data-id=\"de0548f\" data-element_type=\"widget\" data-e-type=\"widget\" data-widget_type=\"text-editor.default\">\n\t\t\t\t<div class=\"elementor-widget-container\">\n\t\t\t\t\t\t\t\t\t<p>Gracias a la compatibilidad que mantenemos en ChatLigue con los clientes de IRC convencionales como pueden ser el mIRC, IRCap, XChat u otros muchos, puedes acceder a nuestra red de chat desde estos programas conect\u00e1ndote a los siguientes servidores:<\/p><ul><li><strong>irc.chatligue.com <\/strong>puerto <strong>6667<\/strong>: servidor aleatorio por defecto para todos los clientes de IRC.<\/li><li><strong>irc.chatligue.com<\/strong> puerto <strong>+6697<\/strong>: servidor de conexi\u00f3n segura SSL.<\/li><\/ul><p>Para acceder a nuestro chat puede hacerse desde nuestra p\u00e1gina web oficial de ChatLigue, pero tambi\u00e9n existen aplicaciones para m\u00f3viles o incluso programas que permiten desde el ordenador conectarse a la red y que nos brindan nuevas posibilidades. Para aquellos que utiliz\u00e1is el ordenador y os gustar\u00eda probar otro programa nuevo, que ofrezca m\u00e1s caracter\u00edsticas que el chat de nuestra web, aqu\u00ed os dejamos algunos de ellos para que pod\u00e1is elegir vuestro favorito:<\/p><p><strong>WINDOWS:<\/strong><\/p><ul><li><strong>CL-Script: <\/strong>es el Script oficial de la red de ChatLigue y ha sido creado espec\u00edficamente para ella. Combina lo mejor de cada script con aportaciones personales que lo convierten sin duda alguna en un script complet\u00edsimo capaz de cubrir todas nuestras necesidades.<\/li><li><strong>IRCap: <\/strong>incluye un interfaz gr\u00e1fico personalizable mediante Skins, protecciones, reproductor de m\u00fasica, compatibilidad con Messenger y Gtalk mediante jabber, cargador de m\u00f3dulos, juegos online de billar y ajedrez, m\u00faltiples idiomas, etc.<\/li><li><strong>PoDeR Script:<\/strong> excelente script para mIRC que se adapta muy bien a cualquier nivel de usuario, aunque gracias a su sencill\u00edsimo sistema de configuraci\u00f3n, se adapta muy bien a los que a\u00fan no dominan demasiado este tipo de aplicaciones.<\/li><li><strong>PhAnAtIc Script:<\/strong> es v\u00e1lido para todo, desde poner dibujitos en el canal hasta fastidiar a tu peor enemigo, pero creado y dise\u00f1ado para que le sea f\u00e1cil de usar a cualquier persona sin apenas conocimientos de IRC e inform\u00e1tica.<\/li><li><strong>NoNaMe Script: <\/strong>trae muchas mejoras con respecto a mIRC. Un completo sistema de away, notificaciones con avisos emergentes, notificaci\u00f3n de nuevos correos electr\u00f3nicos, control de los bots de Quakenet y bouncers, soporte para leer canales RSS, lanzamiento de juegos dir\u00e9ctamente desde el IRC y un largo etc\u00e9tera.<\/li><\/ul><p><strong>LINUX<\/strong><\/p><ul><li><strong>X-Chat: <\/strong>emplea pesta\u00f1as o solapas, tiene soporte para conexi\u00f3n a m\u00faltiples servidores IRC, reproducci\u00f3n de sonidos bajo ciertos eventos, soporte de complementos externos y scripts en Python y Perl, interacci\u00f3n con otros programas como XMMS y es \u00e1ltamente modificable. Est\u00e1 disponible en entorno gr\u00e1fico y en terminal de comandos.<\/li><li><strong>HexChat: <\/strong>variante del anterior mencionado X-Chat con algunas mejoras y que ha sido actualizado m\u00e1s recientemente.<\/li><li><strong>Quassel IRC: <\/strong>se basa en un modelo de cliente-servidor. La aplicaci\u00f3n principal utiliza LAN o Internet para conectar uno o m\u00e1s clientes, y tambi\u00e9n varios servidores de IRC. El cliente no se comunica directamente con el servidor de IRC, lo hace a trav\u00e9s de un n\u00facleo. De esta manera la conexi\u00f3n a la red de IRC es mantenida por el n\u00facleo, a pesar de que no se est\u00e1n utilizando clientes.<\/li><li><strong>Konversation:<\/strong> es un cliente de IRC para el entorno de escritorio KDE. Actualmente est\u00e1 mantenido por el m\u00f3dulo extragear, que significa que es independiente al ciclo de lanzamientos de KDE. Tiene interesantes caracter\u00edsticas como el soporte multi servidor, IPV6, SSL y UTF-8, adem\u00e1s, se puede hacer scripts para \u00e9l mediante el terminal.<\/li><\/ul>\t\t\t\t\t\t\t\t<\/div>\n\t\t\t\t<\/div>\n\t\t\t\t\t<\/div>\n\t\t\t\t<\/div>\n\t\t\t\t<\/div>\n\t\t","protected":false},"excerpt":{"rendered":"<p>IRC son las siglas de Internet Relay Chat, un protocolo de comunicaciones en el que tiene su base nuestra red de chat. Este protocolo fue ampliamente utilizado como medio de comunicaci\u00f3n en los momentos de expansi\u00f3n inicial de internet a principios del siglo XXI, pero pronto di\u00f3 paso a otros sistemas de mensajer\u00eda y redes &hellip; <a href=\"https:\/\/www.chatligue.com\/usuarios\/chat-sobre-irc\/\" class=\"more-link\">Seguir leyendo<span class=\"screen-reader-text\"> &#8220;Chat sobre IRC&#8221;<\/span><\/a><\/p>\n","protected":false},"author":1,"featured_media":0,"parent":0,"menu_order":0,"comment_status":"closed","ping_status":"closed","template":"","meta":{"footnotes":""},"class_list":["post-252","page","type-page","status-publish","hentry"],"_links":{"self":[{"href":"https:\/\/www.chatligue.com\/usuarios\/wp-json\/wp\/v2\/pages\/252","targetHints":{"allow":["GET"]}}],"collection":[{"href":"https:\/\/www.chatligue.com\/usuarios\/wp-json\/wp\/v2\/pages"}],"about":[{"href":"https:\/\/www.chatligue.com\/usuarios\/wp-json\/wp\/v2\/types\/page"}],"author":[{"embeddable":true,"href":"https:\/\/www.chatligue.com\/usuarios\/wp-json\/wp\/v2\/users\/1"}],"replies":[{"embeddable":true,"href":"https:\/\/www.chatligue.com\/usuarios\/wp-json\/wp\/v2\/comments?post=252"}],"version-history":[{"count":10,"href":"https:\/\/www.chatligue.com\/usuarios\/wp-json\/wp\/v2\/pages\/252\/revisions"}],"predecessor-version":[{"id":587,"href":"https:\/\/www.chatligue.com\/usuarios\/wp-json\/wp\/v2\/pages\/252\/revisions\/587"}],"wp:attachment":[{"href":"https:\/\/www.chatligue.com\/usuarios\/wp-json\/wp\/v2\/media?parent=252"}],"curies":[{"name":"wp","href":"https:\/\/api.w.org\/{rel}","templated":true}]}}