{"id":230,"date":"2023-11-13T12:33:50","date_gmt":"2023-11-13T11:33:50","guid":{"rendered":"https:\/\/www.chatligue.com\/usuarios\/?page_id=230"},"modified":"2023-11-13T12:45:25","modified_gmt":"2023-11-13T11:45:25","slug":"contacto","status":"publish","type":"page","link":"https:\/\/www.chatligue.com\/usuarios\/contacto\/","title":{"rendered":"Contacto"},"content":{"rendered":"\n<h2 class=\"wp-block-heading\">\u00bfQuieres contactar con nosotros?<\/h2>\n\n\n\n<p>En la red de ChatLigue trabajamos cada d\u00eda para mejorar nuestro servicio y hacer que el usuario se sienta c\u00f3modo y a gusto mientras navega por nuestra web. Procuramos facilitar al usuario el acceso a todas las secciones as\u00ed como mejorar su experiencia con los dem\u00e1s usuarios de nuestra red.<\/p>\n\n\n\n<p>Es precisamente por eso, por nuestro af\u00e1n de mejorar, por lo que ponemos a disposici\u00f3n de los usuarios este formulario de contacto, a trav\u00e9s del cual nos gustar\u00eda que nos enviaseis tanto vuestra experiencia usando nuestra red, como vuestras quejas y vuestras sugerencias, para que de ese modo, podamos seguir mejorando y perfeccionando nuestro sitio y as\u00ed conseguir que el usuario se sienta como en casa.<\/p>\n\n\n\n<p>Para contactar con nosotros simplemente ten\u00e9is que rellenar el siguiente formulario:<\/p>\n\n\n\n<div class=\"wpcf7 no-js\" id=\"wpcf7-f232-o1\" lang=\"es-ES\" dir=\"ltr\" data-wpcf7-id=\"232\">\n<div class=\"screen-reader-response\"><p role=\"status\" aria-live=\"polite\" aria-atomic=\"true\"><\/p> <ul><\/ul><\/div>\n<form action=\"\/usuarios\/wp-json\/wp\/v2\/pages\/230#wpcf7-f232-o1\" method=\"post\" class=\"wpcf7-form init\" aria-label=\"Formulario de contacto\" novalidate=\"novalidate\" data-status=\"init\">\n<fieldset class=\"hidden-fields-container\"><input type=\"hidden\" name=\"_wpcf7\" value=\"232\" \/><input type=\"hidden\" name=\"_wpcf7_version\" value=\"6.1.5\" \/><input type=\"hidden\" name=\"_wpcf7_locale\" value=\"es_ES\" \/><input type=\"hidden\" name=\"_wpcf7_unit_tag\" value=\"wpcf7-f232-o1\" \/><input type=\"hidden\" name=\"_wpcf7_container_post\" value=\"0\" \/><input type=\"hidden\" name=\"_wpcf7_posted_data_hash\" value=\"\" \/>\n<\/fieldset>\n<p><label> Tu nombre<br \/>\n<span class=\"wpcf7-form-control-wrap\" data-name=\"your-name\"><input size=\"40\" maxlength=\"400\" class=\"wpcf7-form-control wpcf7-text wpcf7-validates-as-required\" autocomplete=\"name\" aria-required=\"true\" aria-invalid=\"false\" value=\"\" type=\"text\" name=\"your-name\" \/><\/span> <\/label>\n<\/p>\n<p><label> Tu correo electr\u00f3nico<br \/>\n<span class=\"wpcf7-form-control-wrap\" data-name=\"your-email\"><input size=\"40\" maxlength=\"400\" class=\"wpcf7-form-control wpcf7-email wpcf7-validates-as-required wpcf7-text wpcf7-validates-as-email\" autocomplete=\"email\" aria-required=\"true\" aria-invalid=\"false\" value=\"\" type=\"email\" name=\"your-email\" \/><\/span> <\/label>\n<\/p>\n<p><label> Tu tel\u00e9fono (opcional)<br \/>\n<span class=\"wpcf7-form-control-wrap\" data-name=\"tel-897\"><input size=\"40\" maxlength=\"400\" class=\"wpcf7-form-control wpcf7-tel wpcf7-text wpcf7-validates-as-tel\" id=\"tu-telefono\" aria-invalid=\"false\" value=\"\" type=\"tel\" name=\"tel-897\" \/><\/span> <\/label>\n<\/p>\n<p><label> Asunto<br \/>\n<span class=\"wpcf7-form-control-wrap\" data-name=\"your-subject\"><input size=\"40\" maxlength=\"400\" class=\"wpcf7-form-control wpcf7-text wpcf7-validates-as-required\" aria-required=\"true\" aria-invalid=\"false\" value=\"\" type=\"text\" name=\"your-subject\" \/><\/span> <\/label>\n<\/p>\n<p><label> Tu mensaje (opcional)<br \/>\n<span class=\"wpcf7-form-control-wrap\" data-name=\"your-message\"><textarea cols=\"40\" rows=\"10\" maxlength=\"2000\" class=\"wpcf7-form-control wpcf7-textarea\" aria-invalid=\"false\" name=\"your-message\"><\/textarea><\/span> <\/label>\n<\/p>\n<p><span class=\"wpcf7-form-control-wrap\" data-name=\"acceptance-682\"><span class=\"wpcf7-form-control wpcf7-acceptance\"><span class=\"wpcf7-list-item\"><input type=\"checkbox\" name=\"acceptance-682\" value=\"1\" id=\"casilla-aceptar\" aria-invalid=\"false\" \/><\/span><\/span><\/span> Con este formulario usted est\u00e1 conforme con que sus datos sean almacenados de forma privada.\n<\/p>\n<p><input class=\"wpcf7-form-control wpcf7-submit has-spinner\" type=\"submit\" value=\"Enviar\" \/>\n<\/p><div class=\"wpcf7-response-output\" aria-hidden=\"true\"><\/div>\n<\/form>\n<\/div>\n\n\n\n\n<p>Muchas gracias de antemano, estamos a vuestra disposici\u00f3n.<\/p>\n\n\n\n<p>Un saludo:<\/p>\n\n\n\n<p>La administraci\u00f3n de ChatLigue.<\/p>\n","protected":false},"excerpt":{"rendered":"<p>\u00bfQuieres contactar con nosotros? En la red de ChatLigue trabajamos cada d\u00eda para mejorar nuestro servicio y hacer que el usuario se sienta c\u00f3modo y a gusto mientras navega por nuestra web. Procuramos facilitar al usuario el acceso a todas las secciones as\u00ed como mejorar su experiencia con los dem\u00e1s usuarios de nuestra red. Es &hellip; <a href=\"https:\/\/www.chatligue.com\/usuarios\/contacto\/\" class=\"more-link\">Seguir leyendo<span class=\"screen-reader-text\"> &#8220;Contacto&#8221;<\/span><\/a><\/p>\n","protected":false},"author":1,"featured_media":0,"parent":0,"menu_order":0,"comment_status":"closed","ping_status":"closed","template":"","meta":{"footnotes":""},"class_list":["post-230","page","type-page","status-publish","hentry"],"_links":{"self":[{"href":"https:\/\/www.chatligue.com\/usuarios\/wp-json\/wp\/v2\/pages\/230","targetHints":{"allow":["GET"]}}],"collection":[{"href":"https:\/\/www.chatligue.com\/usuarios\/wp-json\/wp\/v2\/pages"}],"about":[{"href":"https:\/\/www.chatligue.com\/usuarios\/wp-json\/wp\/v2\/types\/page"}],"author":[{"embeddable":true,"href":"https:\/\/www.chatligue.com\/usuarios\/wp-json\/wp\/v2\/users\/1"}],"replies":[{"embeddable":true,"href":"https:\/\/www.chatligue.com\/usuarios\/wp-json\/wp\/v2\/comments?post=230"}],"version-history":[{"count":2,"href":"https:\/\/www.chatligue.com\/usuarios\/wp-json\/wp\/v2\/pages\/230\/revisions"}],"predecessor-version":[{"id":233,"href":"https:\/\/www.chatligue.com\/usuarios\/wp-json\/wp\/v2\/pages\/230\/revisions\/233"}],"wp:attachment":[{"href":"https:\/\/www.chatligue.com\/usuarios\/wp-json\/wp\/v2\/media?parent=230"}],"curies":[{"name":"wp","href":"https:\/\/api.w.org\/{rel}","templated":true}]}}